{"id":89531,"date":"2023-07-21T12:06:34","date_gmt":"2023-07-21T09:06:34","guid":{"rendered":"https:\/\/exlibris.ee\/toode\/aspekte-neu-b2-lehr-arbeitsbuch-teil-1\/"},"modified":"2026-04-06T07:15:57","modified_gmt":"2026-04-06T04:15:57","slug":"aspekte-neu-b2-lehr-arbeitsbuch-teil-1","status":"publish","type":"product","link":"https:\/\/exlibris.ee\/ru\/produkt\/aspekte-neu-b2-lehr-arbeitsbuch-teil-1\/","title":{"rendered":"Aspekte neu B2, Lehr-\/Arbeitsbuch Teil 1"},"content":{"rendered":"<p>Erm\u00f6glicht modularen und linearen Unterricht; bereitet auf das Goethe-Zertifikat B2, TELC Deutsch B2 und das \u00d6sterreichische Sprachdiplom (\u00d6SD) B2 vor; festigt und erweitert Strukturen und trainiert Fertigkeiten und Strategien; enth\u00e4lt attraktive Auftaktseiten und spannende landeskundliche Portr\u00e4ts;bietet eine niveaugerechte Ausspracheschulung und alle H\u00f6rtexte zum Arbeitsbuch-Teil auf der Audio-CD.<\/p>\n","protected":false},"excerpt":{"rendered":"<p>Erm\u00f6glicht modularen und linearen Unterricht; bereitet auf das Goethe-Zertifikat B2, TELC Deutsch B2 und das \u00d6sterreichische Sprachdiplom (\u00d6SD) B2 vor; festigt und erweitert Strukturen und trainiert Fertigkeiten und Strategien; enth\u00e4lt attraktive Auftaktseiten und spannende landeskundliche Portr\u00e4ts;bietet eine niveaugerechte Ausspracheschulung und&#8230;<\/p>\n","protected":false},"featured_media":89444,"template":"","meta":{"_acf_changed":false,"inline_featured_image":false},"product_brand":[],"product_cat":[2397],"product_tag":[],"series":[{"id":855,"name":"Aspekte neu","slug":"aspekte-neu"}],"publisher":[{"id":473,"name":"Klett Verlag","slug":"klett-verlag"}],"class_list":{"0":"post-89531","1":"product","2":"type-product","3":"status-publish","4":"has-post-thumbnail","6":"product_cat-lk-muud","7":"series-aspekte-neu","8":"publisher-klett-verlag","10":"first","11":"instock","12":"taxable","13":"shipping-taxable","14":"purchasable","15":"product-type-simple"},"acf":[],"_links":{"self":[{"href":"https:\/\/exlibris.ee\/ru\/wp-json\/wp\/v2\/product\/89531","targetHints":{"allow":["GET"]}}],"collection":[{"href":"https:\/\/exlibris.ee\/ru\/wp-json\/wp\/v2\/product"}],"about":[{"href":"https:\/\/exlibris.ee\/ru\/wp-json\/wp\/v2\/types\/product"}],"wp:featuredmedia":[{"embeddable":true,"href":"https:\/\/exlibris.ee\/ru\/wp-json\/wp\/v2\/media\/89444"}],"wp:attachment":[{"href":"https:\/\/exlibris.ee\/ru\/wp-json\/wp\/v2\/media?parent=89531"}],"wp:term":[{"taxonomy":"product_brand","embeddable":true,"href":"https:\/\/exlibris.ee\/ru\/wp-json\/wp\/v2\/product_brand?post=89531"},{"taxonomy":"product_cat","embeddable":true,"href":"https:\/\/exlibris.ee\/ru\/wp-json\/wp\/v2\/product_cat?post=89531"},{"taxonomy":"product_tag","embeddable":true,"href":"https:\/\/exlibris.ee\/ru\/wp-json\/wp\/v2\/product_tag?post=89531"},{"taxonomy":"series","embeddable":true,"href":"https:\/\/exlibris.ee\/ru\/wp-json\/wp\/v2\/series?post=89531"},{"taxonomy":"publisher","embeddable":true,"href":"https:\/\/exlibris.ee\/ru\/wp-json\/wp\/v2\/publisher?post=89531"}],"curies":[{"name":"wp","href":"https:\/\/api.w.org\/{rel}","templated":true}]}}