{"id":89540,"date":"2023-07-21T12:06:35","date_gmt":"2023-07-21T09:06:35","guid":{"rendered":"https:\/\/exlibris.ee\/toode\/landeskunde-fur-jugendliche-dvd\/"},"modified":"2026-04-18T15:20:37","modified_gmt":"2026-04-18T12:20:37","slug":"landeskunde-fur-jugendliche-dvd","status":"publish","type":"product","link":"https:\/\/exlibris.ee\/ru\/produkt\/landeskunde-fur-jugendliche-dvd\/","title":{"rendered":"Landeskunde f\u00fcr Jugendliche DVD"},"content":{"rendered":"<p>Landeskunde f\u00fcr Jugendliche richtet sich an jugendliche Lerner auf dem Niveau A2\/B1 und kann kursbegleitend zu allen Grundstufenlehrwerken eingesetzt werden. Die DVD enth\u00e4lt 10 Videofilme zur Landeskunde und zu Jugendlichen aus den D-A-CH-L\u00e4ndern Deutschland, \u00d6sterreich und Schweiz. Die Videofilme zeigen kurze authentische Personenportr\u00e4ts und Reportagen \u00fcber St\u00e4dte und Regionen. Die DVD vermittelt ein lebendiges jugendgerechtes Bild der deutschsprachigen L\u00e4nder. Zu jedem Videofilm sichert ein \u00dcbungsblatt das H\u00f6r-Seh-Verstehen und motiviert die Lernenden zum eigenst\u00e4ndigen Weitervertiefen des Themas im Film.<\/p>\n","protected":false},"excerpt":{"rendered":"<p>Landeskunde f\u00fcr Jugendliche richtet sich an jugendliche Lerner auf dem Niveau A2\/B1 und kann kursbegleitend zu allen Grundstufenlehrwerken eingesetzt werden. Die DVD enth\u00e4lt 10 Videofilme zur Landeskunde und zu Jugendlichen aus den D-A-CH-L\u00e4ndern Deutschland, \u00d6sterreich und Schweiz. Die Videofilme zeigen&#8230;<\/p>\n","protected":false},"featured_media":336952,"template":"","meta":{"_acf_changed":false,"inline_featured_image":false},"product_brand":[],"product_cat":[490],"product_tag":[],"series":[{"id":1434,"name":"DVD","slug":"dvd"}],"publisher":[{"id":473,"name":"Klett Verlag","slug":"klett-verlag"}],"class_list":{"0":"post-89540","1":"product","2":"type-product","3":"status-publish","4":"has-post-thumbnail","6":"product_cat-landeskunde","7":"series-dvd","8":"publisher-klett-verlag","10":"first","11":"onbackorder","12":"taxable","13":"shipping-taxable","14":"purchasable","15":"product-type-simple"},"acf":[],"_links":{"self":[{"href":"https:\/\/exlibris.ee\/ru\/wp-json\/wp\/v2\/product\/89540","targetHints":{"allow":["GET"]}}],"collection":[{"href":"https:\/\/exlibris.ee\/ru\/wp-json\/wp\/v2\/product"}],"about":[{"href":"https:\/\/exlibris.ee\/ru\/wp-json\/wp\/v2\/types\/product"}],"wp:featuredmedia":[{"embeddable":true,"href":"https:\/\/exlibris.ee\/ru\/wp-json\/wp\/v2\/media\/336952"}],"wp:attachment":[{"href":"https:\/\/exlibris.ee\/ru\/wp-json\/wp\/v2\/media?parent=89540"}],"wp:term":[{"taxonomy":"product_brand","embeddable":true,"href":"https:\/\/exlibris.ee\/ru\/wp-json\/wp\/v2\/product_brand?post=89540"},{"taxonomy":"product_cat","embeddable":true,"href":"https:\/\/exlibris.ee\/ru\/wp-json\/wp\/v2\/product_cat?post=89540"},{"taxonomy":"product_tag","embeddable":true,"href":"https:\/\/exlibris.ee\/ru\/wp-json\/wp\/v2\/product_tag?post=89540"},{"taxonomy":"series","embeddable":true,"href":"https:\/\/exlibris.ee\/ru\/wp-json\/wp\/v2\/series?post=89540"},{"taxonomy":"publisher","embeddable":true,"href":"https:\/\/exlibris.ee\/ru\/wp-json\/wp\/v2\/publisher?post=89540"}],"curies":[{"name":"wp","href":"https:\/\/api.w.org\/{rel}","templated":true}]}}