{"id":89541,"date":"2023-07-21T12:06:35","date_gmt":"2023-07-21T09:06:35","guid":{"rendered":"https:\/\/exlibris.ee\/toode\/aspekte-neu-b1-uhb-mit-lizenzcode-fur-digitales-up\/"},"modified":"2026-04-04T03:34:19","modified_gmt":"2026-04-04T00:34:19","slug":"aspekte-neu-b1-uhb-mit-lizenzcode-fur-digitales-up","status":"publish","type":"product","link":"https:\/\/exlibris.ee\/ru\/produkt\/aspekte-neu-b1-uhb-mit-lizenzcode-fur-digitales-up\/","title":{"rendered":"Aspekte neu B1 +, UHB mit Lizenzcode f\u00fcr Digitales UP"},"content":{"rendered":"<p>Aspekte neu, das Deutsch-Lehrwerk f\u00fcr die Mittelstufe, richtet sich an Lernende, die ihre Deutschkenntnisse ab dem Niveau B1 vertiefen wollen und f\u00fchrt sicher zum Niveau C1.<\/p>\n","protected":false},"excerpt":{"rendered":"<p>Aspekte neu, das Deutsch-Lehrwerk f\u00fcr die Mittelstufe, richtet sich an Lernende, die ihre Deutschkenntnisse ab dem Niveau B1 vertiefen wollen und f\u00fchrt sicher zum Niveau C1.<\/p>\n","protected":false},"featured_media":89480,"template":"","meta":{"_acf_changed":false,"inline_featured_image":false},"product_brand":[],"product_cat":[538],"product_tag":[],"series":[{"id":855,"name":"Aspekte neu","slug":"aspekte-neu"}],"publisher":[{"id":473,"name":"Klett Verlag","slug":"klett-verlag"}],"class_list":{"0":"post-89541","1":"product","2":"type-product","3":"status-publish","4":"has-post-thumbnail","6":"product_cat-lehrwerke-fur-erwachsene","7":"series-aspekte-neu","8":"publisher-klett-verlag","10":"first","11":"outofstock","12":"taxable","13":"shipping-taxable","14":"purchasable","15":"product-type-simple"},"acf":[],"_links":{"self":[{"href":"https:\/\/exlibris.ee\/ru\/wp-json\/wp\/v2\/product\/89541","targetHints":{"allow":["GET"]}}],"collection":[{"href":"https:\/\/exlibris.ee\/ru\/wp-json\/wp\/v2\/product"}],"about":[{"href":"https:\/\/exlibris.ee\/ru\/wp-json\/wp\/v2\/types\/product"}],"wp:featuredmedia":[{"embeddable":true,"href":"https:\/\/exlibris.ee\/ru\/wp-json\/wp\/v2\/media\/89480"}],"wp:attachment":[{"href":"https:\/\/exlibris.ee\/ru\/wp-json\/wp\/v2\/media?parent=89541"}],"wp:term":[{"taxonomy":"product_brand","embeddable":true,"href":"https:\/\/exlibris.ee\/ru\/wp-json\/wp\/v2\/product_brand?post=89541"},{"taxonomy":"product_cat","embeddable":true,"href":"https:\/\/exlibris.ee\/ru\/wp-json\/wp\/v2\/product_cat?post=89541"},{"taxonomy":"product_tag","embeddable":true,"href":"https:\/\/exlibris.ee\/ru\/wp-json\/wp\/v2\/product_tag?post=89541"},{"taxonomy":"series","embeddable":true,"href":"https:\/\/exlibris.ee\/ru\/wp-json\/wp\/v2\/series?post=89541"},{"taxonomy":"publisher","embeddable":true,"href":"https:\/\/exlibris.ee\/ru\/wp-json\/wp\/v2\/publisher?post=89541"}],"curies":[{"name":"wp","href":"https:\/\/api.w.org\/{rel}","templated":true}]}}