{"id":89550,"date":"2023-07-21T12:06:36","date_gmt":"2023-07-21T09:06:36","guid":{"rendered":"https:\/\/exlibris.ee\/toode\/aspekte-beruf-c1-kub\/"},"modified":"2026-04-06T09:07:29","modified_gmt":"2026-04-06T06:07:29","slug":"aspekte-beruf-c1-kub","status":"publish","type":"product","link":"https:\/\/exlibris.ee\/ru\/produkt\/aspekte-beruf-c1-kub\/","title":{"rendered":"Aspekte Beruf C1 K\u00dcB"},"content":{"rendered":"<p>Aspekte Beruf ist das neue speziell f\u00fcr Berufssprachkurse im Rahmen der bundesweiten berufsbezogenen Deutschsprachf\u00f6rderung (DeuF\u00f6V) entwickelte Lehrwerk, das Lernende nach dem erfolgreichen Konzept von Aspekte neu im beruflichen Kontext von B2 bis C1 (inklusive Br\u00fcckenelement B1\/B2) f\u00fchrt und auf die Pr\u00fcfung Deutsch-Test f\u00fcr den Beruf B2 und C1 vorbereitet.<\/p>\n","protected":false},"excerpt":{"rendered":"<p>Aspekte Beruf ist das neue speziell f\u00fcr Berufssprachkurse im Rahmen der bundesweiten berufsbezogenen Deutschsprachf\u00f6rderung (DeuF\u00f6V) entwickelte Lehrwerk, das Lernende nach dem erfolgreichen Konzept von Aspekte neu im beruflichen Kontext von B2 bis C1 (inklusive Br\u00fcckenelement B1\/B2) f\u00fchrt und auf die&#8230;<\/p>\n","protected":false},"featured_media":89507,"template":"","meta":{"_acf_changed":false,"inline_featured_image":false},"product_brand":[],"product_cat":[538],"product_tag":[],"series":[{"id":855,"name":"Aspekte neu","slug":"aspekte-neu"}],"publisher":[{"id":473,"name":"Klett Verlag","slug":"klett-verlag"}],"class_list":{"0":"post-89550","1":"product","2":"type-product","3":"status-publish","4":"has-post-thumbnail","6":"product_cat-lehrwerke-fur-erwachsene","7":"series-aspekte-neu","8":"publisher-klett-verlag","10":"first","11":"onbackorder","12":"taxable","13":"shipping-taxable","14":"purchasable","15":"product-type-simple"},"acf":[],"_links":{"self":[{"href":"https:\/\/exlibris.ee\/ru\/wp-json\/wp\/v2\/product\/89550","targetHints":{"allow":["GET"]}}],"collection":[{"href":"https:\/\/exlibris.ee\/ru\/wp-json\/wp\/v2\/product"}],"about":[{"href":"https:\/\/exlibris.ee\/ru\/wp-json\/wp\/v2\/types\/product"}],"wp:featuredmedia":[{"embeddable":true,"href":"https:\/\/exlibris.ee\/ru\/wp-json\/wp\/v2\/media\/89507"}],"wp:attachment":[{"href":"https:\/\/exlibris.ee\/ru\/wp-json\/wp\/v2\/media?parent=89550"}],"wp:term":[{"taxonomy":"product_brand","embeddable":true,"href":"https:\/\/exlibris.ee\/ru\/wp-json\/wp\/v2\/product_brand?post=89550"},{"taxonomy":"product_cat","embeddable":true,"href":"https:\/\/exlibris.ee\/ru\/wp-json\/wp\/v2\/product_cat?post=89550"},{"taxonomy":"product_tag","embeddable":true,"href":"https:\/\/exlibris.ee\/ru\/wp-json\/wp\/v2\/product_tag?post=89550"},{"taxonomy":"series","embeddable":true,"href":"https:\/\/exlibris.ee\/ru\/wp-json\/wp\/v2\/series?post=89550"},{"taxonomy":"publisher","embeddable":true,"href":"https:\/\/exlibris.ee\/ru\/wp-json\/wp\/v2\/publisher?post=89550"}],"curies":[{"name":"wp","href":"https:\/\/api.w.org\/{rel}","templated":true}]}}