{"id":89715,"date":"2023-07-21T12:08:30","date_gmt":"2023-07-21T09:08:30","guid":{"rendered":"https:\/\/exlibris.ee\/toode\/ubungsgrammatik-deutsch\/"},"modified":"2026-04-22T09:29:37","modified_gmt":"2026-04-22T06:29:37","slug":"ubungsgrammatik-deutsch","status":"publish","type":"product","link":"https:\/\/exlibris.ee\/ru\/produkt\/ubungsgrammatik-deutsch\/","title":{"rendered":"\u00dcbungsgrammatik Deutsch"},"content":{"rendered":"<p>Speziell f\u00fcr den Unterricht im Fach Deutsch als Fremdsprache entwickelt, bietet dieser Band klar formulierte Regeln mit hilfreichen Beispielen. Die \u00dcbungen decken alle morphologischen und syntaktischen Erscheinungen der deutschen Sprache ab. Der L\u00f6sungsteil erm\u00f6glicht die Kontrolle und bietet Hilfe f\u00fcr das Selbststudium an.<\/p>\n","protected":false},"excerpt":{"rendered":"<p>Speziell f\u00fcr den Unterricht im Fach Deutsch als Fremdsprache entwickelt, bietet dieser Band klar formulierte Regeln mit hilfreichen Beispielen. Die \u00dcbungen decken alle morphologischen und syntaktischen Erscheinungen der deutschen Sprache ab. Der L\u00f6sungsteil erm\u00f6glicht die Kontrolle und bietet Hilfe f\u00fcr&#8230;<\/p>\n","protected":false},"featured_media":405677,"template":"","meta":{"_acf_changed":false,"inline_featured_image":false},"product_brand":[],"product_cat":[480],"product_tag":[],"series":[],"publisher":[{"id":473,"name":"Klett Verlag","slug":"klett-verlag"}],"class_list":{"0":"post-89715","1":"product","2":"type-product","3":"status-publish","4":"has-post-thumbnail","6":"product_cat-grammatiken","7":"publisher-klett-verlag","9":"first","10":"onbackorder","11":"taxable","12":"shipping-taxable","13":"purchasable","14":"product-type-simple"},"acf":[],"_links":{"self":[{"href":"https:\/\/exlibris.ee\/ru\/wp-json\/wp\/v2\/product\/89715","targetHints":{"allow":["GET"]}}],"collection":[{"href":"https:\/\/exlibris.ee\/ru\/wp-json\/wp\/v2\/product"}],"about":[{"href":"https:\/\/exlibris.ee\/ru\/wp-json\/wp\/v2\/types\/product"}],"wp:featuredmedia":[{"embeddable":true,"href":"https:\/\/exlibris.ee\/ru\/wp-json\/wp\/v2\/media\/405677"}],"wp:attachment":[{"href":"https:\/\/exlibris.ee\/ru\/wp-json\/wp\/v2\/media?parent=89715"}],"wp:term":[{"taxonomy":"product_brand","embeddable":true,"href":"https:\/\/exlibris.ee\/ru\/wp-json\/wp\/v2\/product_brand?post=89715"},{"taxonomy":"product_cat","embeddable":true,"href":"https:\/\/exlibris.ee\/ru\/wp-json\/wp\/v2\/product_cat?post=89715"},{"taxonomy":"product_tag","embeddable":true,"href":"https:\/\/exlibris.ee\/ru\/wp-json\/wp\/v2\/product_tag?post=89715"},{"taxonomy":"series","embeddable":true,"href":"https:\/\/exlibris.ee\/ru\/wp-json\/wp\/v2\/series?post=89715"},{"taxonomy":"publisher","embeddable":true,"href":"https:\/\/exlibris.ee\/ru\/wp-json\/wp\/v2\/publisher?post=89715"}],"curies":[{"name":"wp","href":"https:\/\/api.w.org\/{rel}","templated":true}]}}