{"id":89717,"date":"2023-07-21T12:08:31","date_gmt":"2023-07-21T09:08:31","guid":{"rendered":"https:\/\/exlibris.ee\/toode\/einfach-grammatik-spanischsprachige-lerner\/"},"modified":"2026-04-09T09:18:44","modified_gmt":"2026-04-09T06:18:44","slug":"einfach-grammatik-spanischsprachige-lerner","status":"publish","type":"product","link":"https:\/\/exlibris.ee\/ru\/produkt\/einfach-grammatik-spanischsprachige-lerner\/","title":{"rendered":"Einfach Grammatik, spanischsprachige Lerner"},"content":{"rendered":"<p>Eine \u00dcbungsgrammatik f\u00fcr alle, die ihre Grundkenntnisse auffrischen oder vertiefen m\u00f6chten und dabei durch kleine Geschichten oder Cartoons unterhalten werden wollen. Humorvolle Zeichnungen, E-Mails, kurze Texte, Cartoons oder Dialoge f\u00fchren die Grammatikph\u00e4nomene situativ ein. Neben \u00fcbersichtlichen Darstellungen finden die Lernenden auch Regeln, die z. T. noch erg\u00e4nzt werden m\u00fcssen, um eine bewusste Auseinandersetzung mit dem jeweiligen Grammatikph\u00e4nomen zu erreichen. Abwechslungsreiche \u00dcbungen, die nach den Niveaustufen A1, A2 und B1 gekennzeichnet sind, vertiefen die grammatischen Kenntnisse auf diesen Niveaus. Der Anhang enth\u00e4lt die L\u00f6sungen zu den \u00dcbungen und ein Register. In der Ausgabe f\u00fcr spanischsprachige Lerner sind die \u00dcbungsanweisungen und Regelerkl\u00e4rungen auf Spanisch.<\/p>\n","protected":false},"excerpt":{"rendered":"<p>Eine \u00dcbungsgrammatik f\u00fcr alle, die ihre Grundkenntnisse auffrischen oder vertiefen m\u00f6chten und dabei durch kleine Geschichten oder Cartoons unterhalten werden wollen. Humorvolle Zeichnungen, E-Mails, kurze Texte, Cartoons oder Dialoge f\u00fchren die Grammatikph\u00e4nomene situativ ein. Neben \u00fcbersichtlichen Darstellungen finden die Lernenden&#8230;<\/p>\n","protected":false},"featured_media":89622,"template":"","meta":{"_acf_changed":false,"inline_featured_image":false},"product_brand":[],"product_cat":[480],"product_tag":[],"series":[],"publisher":[{"id":473,"name":"Klett Verlag","slug":"klett-verlag"}],"class_list":{"0":"post-89717","1":"product","2":"type-product","3":"status-publish","4":"has-post-thumbnail","6":"product_cat-grammatiken","7":"publisher-klett-verlag","9":"first","10":"onbackorder","11":"taxable","12":"shipping-taxable","13":"purchasable","14":"product-type-simple"},"acf":[],"_links":{"self":[{"href":"https:\/\/exlibris.ee\/ru\/wp-json\/wp\/v2\/product\/89717","targetHints":{"allow":["GET"]}}],"collection":[{"href":"https:\/\/exlibris.ee\/ru\/wp-json\/wp\/v2\/product"}],"about":[{"href":"https:\/\/exlibris.ee\/ru\/wp-json\/wp\/v2\/types\/product"}],"wp:featuredmedia":[{"embeddable":true,"href":"https:\/\/exlibris.ee\/ru\/wp-json\/wp\/v2\/media\/89622"}],"wp:attachment":[{"href":"https:\/\/exlibris.ee\/ru\/wp-json\/wp\/v2\/media?parent=89717"}],"wp:term":[{"taxonomy":"product_brand","embeddable":true,"href":"https:\/\/exlibris.ee\/ru\/wp-json\/wp\/v2\/product_brand?post=89717"},{"taxonomy":"product_cat","embeddable":true,"href":"https:\/\/exlibris.ee\/ru\/wp-json\/wp\/v2\/product_cat?post=89717"},{"taxonomy":"product_tag","embeddable":true,"href":"https:\/\/exlibris.ee\/ru\/wp-json\/wp\/v2\/product_tag?post=89717"},{"taxonomy":"series","embeddable":true,"href":"https:\/\/exlibris.ee\/ru\/wp-json\/wp\/v2\/series?post=89717"},{"taxonomy":"publisher","embeddable":true,"href":"https:\/\/exlibris.ee\/ru\/wp-json\/wp\/v2\/publisher?post=89717"}],"curies":[{"name":"wp","href":"https:\/\/api.w.org\/{rel}","templated":true}]}}