{"id":89908,"date":"2023-07-21T12:10:22","date_gmt":"2023-07-21T09:10:22","guid":{"rendered":"https:\/\/exlibris.ee\/toode\/kompass-daf-b2-unterrichtshandreichungen-ohne-cd-dvd\/"},"modified":"2026-04-18T15:24:33","modified_gmt":"2026-04-18T12:24:33","slug":"kompass-daf-b2-unterrichtshandreichungen-ohne-cd-dvd","status":"publish","type":"product","link":"https:\/\/exlibris.ee\/ru\/produkt\/kompass-daf-b2-unterrichtshandreichungen-ohne-cd-dvd\/","title":{"rendered":"Kompass DaF B2, Unterrichtshandreichungen (ohne CD\/DVD)"},"content":{"rendered":"<p>Kompass DaF f\u00fchrt in drei bzw. f\u00fcnf B\u00e4nden von B1+ bis C1 und eignet sich f\u00fcr alle studienvorbereitenden Sprachkurse und f\u00fcr allgemeine Sprachkurse.<\/p>\n","protected":false},"excerpt":{"rendered":"<p>Kompass DaF f\u00fchrt in drei bzw. f\u00fcnf B\u00e4nden von B1+ bis C1 und eignet sich f\u00fcr alle studienvorbereitenden Sprachkurse und f\u00fcr allgemeine Sprachkurse.<\/p>\n","protected":false},"featured_media":337302,"template":"","meta":{"_acf_changed":false,"inline_featured_image":false},"product_brand":[],"product_cat":[538],"product_tag":[],"series":[{"id":918,"name":"Kompass DaF","slug":"kompass-daf"}],"publisher":[{"id":473,"name":"Klett Verlag","slug":"klett-verlag"}],"class_list":{"0":"post-89908","1":"product","2":"type-product","3":"status-publish","4":"has-post-thumbnail","6":"product_cat-lehrwerke-fur-erwachsene","7":"series-kompass-daf","8":"publisher-klett-verlag","10":"first","11":"onbackorder","12":"taxable","13":"shipping-taxable","14":"purchasable","15":"product-type-simple"},"acf":[],"_links":{"self":[{"href":"https:\/\/exlibris.ee\/ru\/wp-json\/wp\/v2\/product\/89908","targetHints":{"allow":["GET"]}}],"collection":[{"href":"https:\/\/exlibris.ee\/ru\/wp-json\/wp\/v2\/product"}],"about":[{"href":"https:\/\/exlibris.ee\/ru\/wp-json\/wp\/v2\/types\/product"}],"wp:featuredmedia":[{"embeddable":true,"href":"https:\/\/exlibris.ee\/ru\/wp-json\/wp\/v2\/media\/337302"}],"wp:attachment":[{"href":"https:\/\/exlibris.ee\/ru\/wp-json\/wp\/v2\/media?parent=89908"}],"wp:term":[{"taxonomy":"product_brand","embeddable":true,"href":"https:\/\/exlibris.ee\/ru\/wp-json\/wp\/v2\/product_brand?post=89908"},{"taxonomy":"product_cat","embeddable":true,"href":"https:\/\/exlibris.ee\/ru\/wp-json\/wp\/v2\/product_cat?post=89908"},{"taxonomy":"product_tag","embeddable":true,"href":"https:\/\/exlibris.ee\/ru\/wp-json\/wp\/v2\/product_tag?post=89908"},{"taxonomy":"series","embeddable":true,"href":"https:\/\/exlibris.ee\/ru\/wp-json\/wp\/v2\/series?post=89908"},{"taxonomy":"publisher","embeddable":true,"href":"https:\/\/exlibris.ee\/ru\/wp-json\/wp\/v2\/publisher?post=89908"}],"curies":[{"name":"wp","href":"https:\/\/api.w.org\/{rel}","templated":true}]}}