{"id":89913,"date":"2023-07-21T12:10:22","date_gmt":"2023-07-21T09:10:22","guid":{"rendered":"https:\/\/exlibris.ee\/toode\/kompass-daf-b1-kurs-und-ubungsbuch-mit-audios-und-videos-online\/"},"modified":"2026-04-18T18:31:46","modified_gmt":"2026-04-18T15:31:46","slug":"kompass-daf-b1-kurs-und-ubungsbuch-mit-audios-und-videos-online","status":"publish","type":"product","link":"https:\/\/exlibris.ee\/ru\/produkt\/kompass-daf-b1-kurs-und-ubungsbuch-mit-audios-und-videos-online\/","title":{"rendered":"Kompass DaF B1+ Kurs- und \u00dcbungsbuch mit Audios und Videos online"},"content":{"rendered":"<p>Konsequenter kleinschrittiger Kompetenzaufbau; \u201eWozu mache ich, was ich mache?\u201c Sprachhandlungen in kleinen Etappen mit konkretem Ziel; Vermittlung der Schl\u00fcsselkompetenz Mediation \/ Sprachmittlung; Abwechslungsreiche und aktuelle Landeskunde im Fokus; Motivierende Filme am Ende jeder Lektion; Tipps und Strategien f\u00fcr eine optimale Vorbereitung auf B2; Extras f\u00fcr unterwegs: Wortschatzk\u00e4rtchen online verf\u00fcgbar und Online \u00dcbungen.<\/p>\n","protected":false},"excerpt":{"rendered":"<p>Konsequenter kleinschrittiger Kompetenzaufbau; \u201eWozu mache ich, was ich mache?\u201c Sprachhandlungen in kleinen Etappen mit konkretem Ziel; Vermittlung der Schl\u00fcsselkompetenz Mediation \/ Sprachmittlung; Abwechslungsreiche und aktuelle Landeskunde im Fokus; Motivierende Filme am Ende jeder Lektion; Tipps und Strategien f\u00fcr eine optimale&#8230;<\/p>\n","protected":false},"featured_media":89791,"template":"","meta":{"_acf_changed":false,"inline_featured_image":false},"product_brand":[],"product_cat":[538],"product_tag":[],"series":[{"id":918,"name":"Kompass DaF","slug":"kompass-daf"}],"publisher":[{"id":473,"name":"Klett Verlag","slug":"klett-verlag"}],"class_list":{"0":"post-89913","1":"product","2":"type-product","3":"status-publish","4":"has-post-thumbnail","6":"product_cat-lehrwerke-fur-erwachsene","7":"series-kompass-daf","8":"publisher-klett-verlag","10":"first","11":"outofstock","12":"taxable","13":"shipping-taxable","14":"purchasable","15":"product-type-simple"},"acf":[],"_links":{"self":[{"href":"https:\/\/exlibris.ee\/ru\/wp-json\/wp\/v2\/product\/89913","targetHints":{"allow":["GET"]}}],"collection":[{"href":"https:\/\/exlibris.ee\/ru\/wp-json\/wp\/v2\/product"}],"about":[{"href":"https:\/\/exlibris.ee\/ru\/wp-json\/wp\/v2\/types\/product"}],"wp:featuredmedia":[{"embeddable":true,"href":"https:\/\/exlibris.ee\/ru\/wp-json\/wp\/v2\/media\/89791"}],"wp:attachment":[{"href":"https:\/\/exlibris.ee\/ru\/wp-json\/wp\/v2\/media?parent=89913"}],"wp:term":[{"taxonomy":"product_brand","embeddable":true,"href":"https:\/\/exlibris.ee\/ru\/wp-json\/wp\/v2\/product_brand?post=89913"},{"taxonomy":"product_cat","embeddable":true,"href":"https:\/\/exlibris.ee\/ru\/wp-json\/wp\/v2\/product_cat?post=89913"},{"taxonomy":"product_tag","embeddable":true,"href":"https:\/\/exlibris.ee\/ru\/wp-json\/wp\/v2\/product_tag?post=89913"},{"taxonomy":"series","embeddable":true,"href":"https:\/\/exlibris.ee\/ru\/wp-json\/wp\/v2\/series?post=89913"},{"taxonomy":"publisher","embeddable":true,"href":"https:\/\/exlibris.ee\/ru\/wp-json\/wp\/v2\/publisher?post=89913"}],"curies":[{"name":"wp","href":"https:\/\/api.w.org\/{rel}","templated":true}]}}