{"id":89921,"date":"2023-07-21T12:10:23","date_gmt":"2023-07-21T09:10:23","guid":{"rendered":"https:\/\/exlibris.ee\/toode\/so-gehts-zu-b2-ubungsbuch\/"},"modified":"2026-04-18T15:26:30","modified_gmt":"2026-04-18T12:26:30","slug":"so-gehts-zu-b2-ubungsbuch","status":"publish","type":"product","link":"https:\/\/exlibris.ee\/ru\/produkt\/so-gehts-zu-b2-ubungsbuch\/","title":{"rendered":"So geht\u00b4s zu B2, \u00dcbungsbuch"},"content":{"rendered":"<p>Passt genau zur Goethe B2-Pr\u00fcfung in der Version ab 2019 sowie zur \u00d6SD-Pr\u00fcfung. Bietet ein umfassendes Fertigkeitentraining und Pr\u00fcfungsvorbereitung. F\u00fchrt Schritt f\u00fcr Schritt von Niveau B1+ zu B2. Bereitet in 12 thematischen Einheiten auf alle Pr\u00fcfungsteile vor. Enth\u00e4lt abwechslungsreiche \u00dcbungen zu Wortschatz, Strukturen und Redemitteln. Mit Audiodaten, L\u00f6sungen und Zusatzangeboten \u00fcber die Klett-Augmented-App oder online mit Code (im Buch).<\/p>\n","protected":false},"excerpt":{"rendered":"<p>Passt genau zur Goethe B2-Pr\u00fcfung in der Version ab 2019 sowie zur \u00d6SD-Pr\u00fcfung. Bietet ein umfassendes Fertigkeitentraining und Pr\u00fcfungsvorbereitung. F\u00fchrt Schritt f\u00fcr Schritt von Niveau B1+ zu B2. Bereitet in 12 thematischen Einheiten auf alle Pr\u00fcfungsteile vor. Enth\u00e4lt abwechslungsreiche \u00dcbungen&#8230;<\/p>\n","protected":false},"featured_media":337477,"template":"","meta":{"_acf_changed":false,"inline_featured_image":false},"product_brand":[],"product_cat":[507],"product_tag":[],"series":[{"id":1439,"name":"Goethe B2","slug":"goethe-b2"}],"publisher":[{"id":473,"name":"Klett Verlag","slug":"klett-verlag"}],"class_list":{"0":"post-89921","1":"product","2":"type-product","3":"status-publish","4":"has-post-thumbnail","6":"product_cat-prufungsvorbereitung","7":"series-goethe-b2","8":"publisher-klett-verlag","10":"first","11":"onbackorder","12":"taxable","13":"shipping-taxable","14":"purchasable","15":"product-type-simple"},"acf":[],"_links":{"self":[{"href":"https:\/\/exlibris.ee\/ru\/wp-json\/wp\/v2\/product\/89921","targetHints":{"allow":["GET"]}}],"collection":[{"href":"https:\/\/exlibris.ee\/ru\/wp-json\/wp\/v2\/product"}],"about":[{"href":"https:\/\/exlibris.ee\/ru\/wp-json\/wp\/v2\/types\/product"}],"wp:featuredmedia":[{"embeddable":true,"href":"https:\/\/exlibris.ee\/ru\/wp-json\/wp\/v2\/media\/337477"}],"wp:attachment":[{"href":"https:\/\/exlibris.ee\/ru\/wp-json\/wp\/v2\/media?parent=89921"}],"wp:term":[{"taxonomy":"product_brand","embeddable":true,"href":"https:\/\/exlibris.ee\/ru\/wp-json\/wp\/v2\/product_brand?post=89921"},{"taxonomy":"product_cat","embeddable":true,"href":"https:\/\/exlibris.ee\/ru\/wp-json\/wp\/v2\/product_cat?post=89921"},{"taxonomy":"product_tag","embeddable":true,"href":"https:\/\/exlibris.ee\/ru\/wp-json\/wp\/v2\/product_tag?post=89921"},{"taxonomy":"series","embeddable":true,"href":"https:\/\/exlibris.ee\/ru\/wp-json\/wp\/v2\/series?post=89921"},{"taxonomy":"publisher","embeddable":true,"href":"https:\/\/exlibris.ee\/ru\/wp-json\/wp\/v2\/publisher?post=89921"}],"curies":[{"name":"wp","href":"https:\/\/api.w.org\/{rel}","templated":true}]}}