{"id":89924,"date":"2023-07-21T12:10:24","date_gmt":"2023-07-21T09:10:24","guid":{"rendered":"https:\/\/exlibris.ee\/toode\/mez-goethe-c1-testbuch\/"},"modified":"2026-04-18T15:26:30","modified_gmt":"2026-04-18T12:26:30","slug":"mez-goethe-c1-testbuch","status":"publish","type":"product","link":"https:\/\/exlibris.ee\/ru\/produkt\/mez-goethe-c1-testbuch\/","title":{"rendered":"MEz Goethe C1 Testbuch"},"content":{"rendered":"<p>Mit Erfolg zum Goethe-Zertifikat C1 \u2013 Passend zur neuen modularen Pr\u00fcfung 2024. Gezielte Pr\u00fcfungsvorbereitung auf die ab 01\/2024 geltende modulare Pr\u00fcfung Goethe-Zertifikat C1. F\u00fcr den Unterricht und f\u00fcr Selbstlernende.<\/p>\n","protected":false},"excerpt":{"rendered":"<p>Mit Erfolg zum Goethe-Zertifikat C1 \u2013 Passend zur neuen modularen Pr\u00fcfung 2024. Gezielte Pr\u00fcfungsvorbereitung auf die ab 01\/2024 geltende modulare Pr\u00fcfung Goethe-Zertifikat C1. F\u00fcr den Unterricht und f\u00fcr Selbstlernende.<\/p>\n","protected":false},"featured_media":337480,"template":"","meta":{"_acf_changed":false,"inline_featured_image":false},"product_brand":[],"product_cat":[507],"product_tag":[],"series":[{"id":1440,"name":"Goethe C1","slug":"goethe-c1"}],"publisher":[{"id":473,"name":"Klett Verlag","slug":"klett-verlag"}],"class_list":{"0":"post-89924","1":"product","2":"type-product","3":"status-publish","4":"has-post-thumbnail","6":"product_cat-prufungsvorbereitung","7":"series-goethe-c1","8":"publisher-klett-verlag","10":"first","11":"onbackorder","12":"taxable","13":"shipping-taxable","14":"purchasable","15":"product-type-simple"},"acf":[],"_links":{"self":[{"href":"https:\/\/exlibris.ee\/ru\/wp-json\/wp\/v2\/product\/89924","targetHints":{"allow":["GET"]}}],"collection":[{"href":"https:\/\/exlibris.ee\/ru\/wp-json\/wp\/v2\/product"}],"about":[{"href":"https:\/\/exlibris.ee\/ru\/wp-json\/wp\/v2\/types\/product"}],"wp:featuredmedia":[{"embeddable":true,"href":"https:\/\/exlibris.ee\/ru\/wp-json\/wp\/v2\/media\/337480"}],"wp:attachment":[{"href":"https:\/\/exlibris.ee\/ru\/wp-json\/wp\/v2\/media?parent=89924"}],"wp:term":[{"taxonomy":"product_brand","embeddable":true,"href":"https:\/\/exlibris.ee\/ru\/wp-json\/wp\/v2\/product_brand?post=89924"},{"taxonomy":"product_cat","embeddable":true,"href":"https:\/\/exlibris.ee\/ru\/wp-json\/wp\/v2\/product_cat?post=89924"},{"taxonomy":"product_tag","embeddable":true,"href":"https:\/\/exlibris.ee\/ru\/wp-json\/wp\/v2\/product_tag?post=89924"},{"taxonomy":"series","embeddable":true,"href":"https:\/\/exlibris.ee\/ru\/wp-json\/wp\/v2\/series?post=89924"},{"taxonomy":"publisher","embeddable":true,"href":"https:\/\/exlibris.ee\/ru\/wp-json\/wp\/v2\/publisher?post=89924"}],"curies":[{"name":"wp","href":"https:\/\/api.w.org\/{rel}","templated":true}]}}