{"id":89926,"date":"2023-07-21T12:10:24","date_gmt":"2023-07-21T09:10:24","guid":{"rendered":"https:\/\/exlibris.ee\/toode\/kompakt-mit-erf-telc-deutschb1-b2-beruf\/"},"modified":"2026-04-18T15:26:31","modified_gmt":"2026-04-18T12:26:31","slug":"kompakt-mit-erf-telc-deutschb1-b2-beruf","status":"publish","type":"product","link":"https:\/\/exlibris.ee\/ru\/produkt\/kompakt-mit-erf-telc-deutschb1-b2-beruf\/","title":{"rendered":"KOMPAKT Mit Erf. telc DeutschB1-B2 Beruf"},"content":{"rendered":"<p>KOMPAKT bietet eine Modellpr\u00fcfung zur effizienten Vorbereitung auf das Pr\u00fcfungsformat. Strategieseiten mit Hinweisen und Tipps zu jedem Pr\u00fcfungsteil unterst\u00fctzen Sie dabei. Ausf\u00fchrlich kommentierte L\u00f6sungen erm\u00f6glichen die Selbstkontrolle und zeigen den L\u00f6sungsweg detailliert auf.<\/p>\n","protected":false},"excerpt":{"rendered":"<p>KOMPAKT bietet eine Modellpr\u00fcfung zur effizienten Vorbereitung auf das Pr\u00fcfungsformat. Strategieseiten mit Hinweisen und Tipps zu jedem Pr\u00fcfungsteil unterst\u00fctzen Sie dabei. Ausf\u00fchrlich kommentierte L\u00f6sungen erm\u00f6glichen die Selbstkontrolle und zeigen den L\u00f6sungsweg detailliert auf.<\/p>\n","protected":false},"featured_media":337482,"template":"","meta":{"_acf_changed":false,"inline_featured_image":false},"product_brand":[],"product_cat":[507],"product_tag":[],"series":[{"id":1441,"name":"kompakt","slug":"kompakt"}],"publisher":[{"id":473,"name":"Klett Verlag","slug":"klett-verlag"}],"class_list":{"0":"post-89926","1":"product","2":"type-product","3":"status-publish","4":"has-post-thumbnail","6":"product_cat-prufungsvorbereitung","7":"series-kompakt","8":"publisher-klett-verlag","10":"first","11":"onbackorder","12":"taxable","13":"shipping-taxable","14":"purchasable","15":"product-type-simple"},"acf":[],"_links":{"self":[{"href":"https:\/\/exlibris.ee\/ru\/wp-json\/wp\/v2\/product\/89926","targetHints":{"allow":["GET"]}}],"collection":[{"href":"https:\/\/exlibris.ee\/ru\/wp-json\/wp\/v2\/product"}],"about":[{"href":"https:\/\/exlibris.ee\/ru\/wp-json\/wp\/v2\/types\/product"}],"wp:featuredmedia":[{"embeddable":true,"href":"https:\/\/exlibris.ee\/ru\/wp-json\/wp\/v2\/media\/337482"}],"wp:attachment":[{"href":"https:\/\/exlibris.ee\/ru\/wp-json\/wp\/v2\/media?parent=89926"}],"wp:term":[{"taxonomy":"product_brand","embeddable":true,"href":"https:\/\/exlibris.ee\/ru\/wp-json\/wp\/v2\/product_brand?post=89926"},{"taxonomy":"product_cat","embeddable":true,"href":"https:\/\/exlibris.ee\/ru\/wp-json\/wp\/v2\/product_cat?post=89926"},{"taxonomy":"product_tag","embeddable":true,"href":"https:\/\/exlibris.ee\/ru\/wp-json\/wp\/v2\/product_tag?post=89926"},{"taxonomy":"series","embeddable":true,"href":"https:\/\/exlibris.ee\/ru\/wp-json\/wp\/v2\/series?post=89926"},{"taxonomy":"publisher","embeddable":true,"href":"https:\/\/exlibris.ee\/ru\/wp-json\/wp\/v2\/publisher?post=89926"}],"curies":[{"name":"wp","href":"https:\/\/api.w.org\/{rel}","templated":true}]}}