{"id":89928,"date":"2023-07-21T12:10:24","date_gmt":"2023-07-21T09:10:24","guid":{"rendered":"https:\/\/exlibris.ee\/toode\/komp-erfolg-zu-telc-dt-pflege\/"},"modified":"2026-04-18T15:26:31","modified_gmt":"2026-04-18T12:26:31","slug":"komp-erfolg-zu-telc-dt-pflege","status":"publish","type":"product","link":"https:\/\/exlibris.ee\/ru\/produkt\/komp-erfolg-zu-telc-dt-pflege\/","title":{"rendered":"KOMP. Erfolg zu telc Dt. Pflege"},"content":{"rendered":"<p>Mit KOMPAKT bereiten Sie sich schnell auf die Pr\u00fcfung vor: Ein kurzer \u00dcberblick informiert Sie \u00fcber die Pr\u00fcfung und den Ablauf. Die Strategieseiten mit Hinweisen und Tipps zu jedem Pr\u00fcfungsteil erkl\u00e4ren Ihnen die Aufgabenformate. Die komplette Modellpr\u00fcfung erm\u00f6glicht Ihnen, alle Aufgaben zu \u00fcben. Die kommentierten L\u00f6sungen helfen Ihnen, den L\u00f6sungsweg zu verstehen. Beispiele f\u00fcr die Teile Schreiben und Sprechen mit einer beispielhaften Bewertung zeigen Ihnen den Unterschied zwischen B1 und B2 auf. So sind Sie sicher gut vorbereitet.<\/p>\n","protected":false},"excerpt":{"rendered":"<p>Mit KOMPAKT bereiten Sie sich schnell auf die Pr\u00fcfung vor: Ein kurzer \u00dcberblick informiert Sie \u00fcber die Pr\u00fcfung und den Ablauf. Die Strategieseiten mit Hinweisen und Tipps zu jedem Pr\u00fcfungsteil erkl\u00e4ren Ihnen die Aufgabenformate. Die komplette Modellpr\u00fcfung erm\u00f6glicht Ihnen, alle&#8230;<\/p>\n","protected":false},"featured_media":337484,"template":"","meta":{"_acf_changed":false,"inline_featured_image":false},"product_brand":[],"product_cat":[507],"product_tag":[],"series":[{"id":1441,"name":"kompakt","slug":"kompakt"}],"publisher":[{"id":473,"name":"Klett Verlag","slug":"klett-verlag"}],"class_list":{"0":"post-89928","1":"product","2":"type-product","3":"status-publish","4":"has-post-thumbnail","6":"product_cat-prufungsvorbereitung","7":"series-kompakt","8":"publisher-klett-verlag","10":"first","11":"onbackorder","12":"taxable","13":"shipping-taxable","14":"purchasable","15":"product-type-simple"},"acf":[],"_links":{"self":[{"href":"https:\/\/exlibris.ee\/ru\/wp-json\/wp\/v2\/product\/89928","targetHints":{"allow":["GET"]}}],"collection":[{"href":"https:\/\/exlibris.ee\/ru\/wp-json\/wp\/v2\/product"}],"about":[{"href":"https:\/\/exlibris.ee\/ru\/wp-json\/wp\/v2\/types\/product"}],"wp:featuredmedia":[{"embeddable":true,"href":"https:\/\/exlibris.ee\/ru\/wp-json\/wp\/v2\/media\/337484"}],"wp:attachment":[{"href":"https:\/\/exlibris.ee\/ru\/wp-json\/wp\/v2\/media?parent=89928"}],"wp:term":[{"taxonomy":"product_brand","embeddable":true,"href":"https:\/\/exlibris.ee\/ru\/wp-json\/wp\/v2\/product_brand?post=89928"},{"taxonomy":"product_cat","embeddable":true,"href":"https:\/\/exlibris.ee\/ru\/wp-json\/wp\/v2\/product_cat?post=89928"},{"taxonomy":"product_tag","embeddable":true,"href":"https:\/\/exlibris.ee\/ru\/wp-json\/wp\/v2\/product_tag?post=89928"},{"taxonomy":"series","embeddable":true,"href":"https:\/\/exlibris.ee\/ru\/wp-json\/wp\/v2\/series?post=89928"},{"taxonomy":"publisher","embeddable":true,"href":"https:\/\/exlibris.ee\/ru\/wp-json\/wp\/v2\/publisher?post=89928"}],"curies":[{"name":"wp","href":"https:\/\/api.w.org\/{rel}","templated":true}]}}