{"id":89932,"date":"2023-07-21T12:10:25","date_gmt":"2023-07-21T09:10:25","guid":{"rendered":"https:\/\/exlibris.ee\/toode\/mit-erfolg-zum-goethe-zertifikat-a2-fit-in-deutsch-ubungs-und-testbuch\/"},"modified":"2026-04-18T15:26:35","modified_gmt":"2026-04-18T12:26:35","slug":"mit-erfolg-zum-goethe-zertifikat-a2-fit-in-deutsch-ubungs-und-testbuch","status":"publish","type":"product","link":"https:\/\/exlibris.ee\/ru\/produkt\/mit-erfolg-zum-goethe-zertifikat-a2-fit-in-deutsch-ubungs-und-testbuch\/","title":{"rendered":"Mit Erfolg zum Goethe-Zertifikat A2: Fit in Deutsch, \u00dcbungs- und Testbuch"},"content":{"rendered":"<p>Das \u00dcbungs- und Testbuch enth\u00e4lt: sieben thematische \u00dcbungs- und Testeinheiten, alle Aufgabentypen zu den einzelnen Pr\u00fcfungsteilen Lesen, H\u00f6ren, Schreiben und Sprechen, zahlreiche \u00dcbungen zum gezielten \u00dcben, Wiederholen und Vertiefen aller Fertigkeiten, interessante Themen aus der Alltagswelt von Kindern und Jugendlichen.<\/p>\n","protected":false},"excerpt":{"rendered":"<p>Das \u00dcbungs- und Testbuch enth\u00e4lt: sieben thematische \u00dcbungs- und Testeinheiten, alle Aufgabentypen zu den einzelnen Pr\u00fcfungsteilen Lesen, H\u00f6ren, Schreiben und Sprechen, zahlreiche \u00dcbungen zum gezielten \u00dcben, Wiederholen und Vertiefen aller Fertigkeiten, interessante Themen aus der Alltagswelt von Kindern und Jugendlichen.<\/p>\n","protected":false},"featured_media":337518,"template":"","meta":{"_acf_changed":false,"inline_featured_image":false},"product_brand":[],"product_cat":[507],"product_tag":[],"series":[{"id":1446,"name":"Goethe A2Fit","slug":"goethe-a2fit"}],"publisher":[{"id":473,"name":"Klett Verlag","slug":"klett-verlag"}],"class_list":{"0":"post-89932","1":"product","2":"type-product","3":"status-publish","4":"has-post-thumbnail","6":"product_cat-prufungsvorbereitung","7":"series-goethe-a2fit","8":"publisher-klett-verlag","10":"first","11":"onbackorder","12":"taxable","13":"shipping-taxable","14":"purchasable","15":"product-type-simple"},"acf":[],"_links":{"self":[{"href":"https:\/\/exlibris.ee\/ru\/wp-json\/wp\/v2\/product\/89932","targetHints":{"allow":["GET"]}}],"collection":[{"href":"https:\/\/exlibris.ee\/ru\/wp-json\/wp\/v2\/product"}],"about":[{"href":"https:\/\/exlibris.ee\/ru\/wp-json\/wp\/v2\/types\/product"}],"wp:featuredmedia":[{"embeddable":true,"href":"https:\/\/exlibris.ee\/ru\/wp-json\/wp\/v2\/media\/337518"}],"wp:attachment":[{"href":"https:\/\/exlibris.ee\/ru\/wp-json\/wp\/v2\/media?parent=89932"}],"wp:term":[{"taxonomy":"product_brand","embeddable":true,"href":"https:\/\/exlibris.ee\/ru\/wp-json\/wp\/v2\/product_brand?post=89932"},{"taxonomy":"product_cat","embeddable":true,"href":"https:\/\/exlibris.ee\/ru\/wp-json\/wp\/v2\/product_cat?post=89932"},{"taxonomy":"product_tag","embeddable":true,"href":"https:\/\/exlibris.ee\/ru\/wp-json\/wp\/v2\/product_tag?post=89932"},{"taxonomy":"series","embeddable":true,"href":"https:\/\/exlibris.ee\/ru\/wp-json\/wp\/v2\/series?post=89932"},{"taxonomy":"publisher","embeddable":true,"href":"https:\/\/exlibris.ee\/ru\/wp-json\/wp\/v2\/publisher?post=89932"}],"curies":[{"name":"wp","href":"https:\/\/api.w.org\/{rel}","templated":true}]}}