{"id":89933,"date":"2023-07-21T12:10:25","date_gmt":"2023-07-21T09:10:25","guid":{"rendered":"https:\/\/exlibris.ee\/toode\/mit-erfolg-zum-goethe-zertifikat-a2-fit-in-deutsch-lehrerhandbuch-audio-cd\/"},"modified":"2026-04-18T15:26:35","modified_gmt":"2026-04-18T12:26:35","slug":"mit-erfolg-zum-goethe-zertifikat-a2-fit-in-deutsch-lehrerhandbuch-audio-cd","status":"publish","type":"product","link":"https:\/\/exlibris.ee\/ru\/produkt\/mit-erfolg-zum-goethe-zertifikat-a2-fit-in-deutsch-lehrerhandbuch-audio-cd\/","title":{"rendered":"Mit Erfolg zum Goethe-Zertifikat A2: Fit in Deutsch, Lehrerhandbuch + Audio-CD"},"content":{"rendered":"<p>Das Lehrerhandbuch enth\u00e4lt: eine ausf\u00fchrliche Erkl\u00e4rung zu Ablauf und Bewertung der Pr\u00fcfung, zahlreiche Antwortb\u00f6gen und Kopiervorlagen, kommentierte L\u00f6sungen zu den Aufgaben im \u00dcbungs- und Testbuch, alle Transkriptionen der H\u00f6rtexte.<\/p>\n","protected":false},"excerpt":{"rendered":"<p>Das Lehrerhandbuch enth\u00e4lt: eine ausf\u00fchrliche Erkl\u00e4rung zu Ablauf und Bewertung der Pr\u00fcfung, zahlreiche Antwortb\u00f6gen und Kopiervorlagen, kommentierte L\u00f6sungen zu den Aufgaben im \u00dcbungs- und Testbuch, alle Transkriptionen der H\u00f6rtexte.<\/p>\n","protected":false},"featured_media":337519,"template":"","meta":{"_acf_changed":false,"inline_featured_image":false},"product_brand":[],"product_cat":[507],"product_tag":[],"series":[{"id":1446,"name":"Goethe A2Fit","slug":"goethe-a2fit"}],"publisher":[{"id":473,"name":"Klett Verlag","slug":"klett-verlag"}],"class_list":{"0":"post-89933","1":"product","2":"type-product","3":"status-publish","4":"has-post-thumbnail","6":"product_cat-prufungsvorbereitung","7":"series-goethe-a2fit","8":"publisher-klett-verlag","10":"first","11":"onbackorder","12":"taxable","13":"shipping-taxable","14":"purchasable","15":"product-type-simple"},"acf":[],"_links":{"self":[{"href":"https:\/\/exlibris.ee\/ru\/wp-json\/wp\/v2\/product\/89933","targetHints":{"allow":["GET"]}}],"collection":[{"href":"https:\/\/exlibris.ee\/ru\/wp-json\/wp\/v2\/product"}],"about":[{"href":"https:\/\/exlibris.ee\/ru\/wp-json\/wp\/v2\/types\/product"}],"wp:featuredmedia":[{"embeddable":true,"href":"https:\/\/exlibris.ee\/ru\/wp-json\/wp\/v2\/media\/337519"}],"wp:attachment":[{"href":"https:\/\/exlibris.ee\/ru\/wp-json\/wp\/v2\/media?parent=89933"}],"wp:term":[{"taxonomy":"product_brand","embeddable":true,"href":"https:\/\/exlibris.ee\/ru\/wp-json\/wp\/v2\/product_brand?post=89933"},{"taxonomy":"product_cat","embeddable":true,"href":"https:\/\/exlibris.ee\/ru\/wp-json\/wp\/v2\/product_cat?post=89933"},{"taxonomy":"product_tag","embeddable":true,"href":"https:\/\/exlibris.ee\/ru\/wp-json\/wp\/v2\/product_tag?post=89933"},{"taxonomy":"series","embeddable":true,"href":"https:\/\/exlibris.ee\/ru\/wp-json\/wp\/v2\/series?post=89933"},{"taxonomy":"publisher","embeddable":true,"href":"https:\/\/exlibris.ee\/ru\/wp-json\/wp\/v2\/publisher?post=89933"}],"curies":[{"name":"wp","href":"https:\/\/api.w.org\/{rel}","templated":true}]}}