{"id":89935,"date":"2023-07-21T12:10:25","date_gmt":"2023-07-21T09:10:25","guid":{"rendered":"https:\/\/exlibris.ee\/toode\/mit-erf-z-goethe-zertifikat-c2gds\/"},"modified":"2026-04-18T15:26:35","modified_gmt":"2026-04-18T12:26:35","slug":"mit-erf-z-goethe-zertifikat-c2gds","status":"publish","type":"product","link":"https:\/\/exlibris.ee\/ru\/produkt\/mit-erf-z-goethe-zertifikat-c2gds\/","title":{"rendered":"Mit Erfolg zum Goethe-Zertifikat C2:GDS"},"content":{"rendered":"<p>Das Gro\u00dfe Deutsche Sprachdiplom leicht gemacht Mit Erfolg zum Goethe-Zertifikat C2: GDS. Gezielte Vorbereitung auf das Goethe-Zertifikat C2: Gro\u00dfes Deutsches Sprachdiplom. F\u00fcr Ihren Deutschkurs und f\u00fcr Selbstlerner.<\/p>\n","protected":false},"excerpt":{"rendered":"<p>Das Gro\u00dfe Deutsche Sprachdiplom leicht gemacht Mit Erfolg zum Goethe-Zertifikat C2: GDS. Gezielte Vorbereitung auf das Goethe-Zertifikat C2: Gro\u00dfes Deutsches Sprachdiplom. F\u00fcr Ihren Deutschkurs und f\u00fcr Selbstlerner.<\/p>\n","protected":false},"featured_media":337523,"template":"","meta":{"_acf_changed":false,"inline_featured_image":false},"product_brand":[],"product_cat":[507],"product_tag":[],"series":[{"id":1447,"name":"Goethe C2","slug":"goethe-c2"}],"publisher":[{"id":473,"name":"Klett Verlag","slug":"klett-verlag"}],"class_list":{"0":"post-89935","1":"product","2":"type-product","3":"status-publish","4":"has-post-thumbnail","6":"product_cat-prufungsvorbereitung","7":"series-goethe-c2","8":"publisher-klett-verlag","10":"first","11":"onbackorder","12":"taxable","13":"shipping-taxable","14":"purchasable","15":"product-type-simple"},"acf":[],"_links":{"self":[{"href":"https:\/\/exlibris.ee\/ru\/wp-json\/wp\/v2\/product\/89935","targetHints":{"allow":["GET"]}}],"collection":[{"href":"https:\/\/exlibris.ee\/ru\/wp-json\/wp\/v2\/product"}],"about":[{"href":"https:\/\/exlibris.ee\/ru\/wp-json\/wp\/v2\/types\/product"}],"wp:featuredmedia":[{"embeddable":true,"href":"https:\/\/exlibris.ee\/ru\/wp-json\/wp\/v2\/media\/337523"}],"wp:attachment":[{"href":"https:\/\/exlibris.ee\/ru\/wp-json\/wp\/v2\/media?parent=89935"}],"wp:term":[{"taxonomy":"product_brand","embeddable":true,"href":"https:\/\/exlibris.ee\/ru\/wp-json\/wp\/v2\/product_brand?post=89935"},{"taxonomy":"product_cat","embeddable":true,"href":"https:\/\/exlibris.ee\/ru\/wp-json\/wp\/v2\/product_cat?post=89935"},{"taxonomy":"product_tag","embeddable":true,"href":"https:\/\/exlibris.ee\/ru\/wp-json\/wp\/v2\/product_tag?post=89935"},{"taxonomy":"series","embeddable":true,"href":"https:\/\/exlibris.ee\/ru\/wp-json\/wp\/v2\/series?post=89935"},{"taxonomy":"publisher","embeddable":true,"href":"https:\/\/exlibris.ee\/ru\/wp-json\/wp\/v2\/publisher?post=89935"}],"curies":[{"name":"wp","href":"https:\/\/api.w.org\/{rel}","templated":true}]}}