{"id":90094,"date":"2023-07-21T12:12:20","date_gmt":"2023-07-21T09:12:20","guid":{"rendered":"https:\/\/exlibris.ee\/toode\/einstieg-beruf-berufsfeld-kuche-ubungsheft\/"},"modified":"2026-04-17T15:31:25","modified_gmt":"2026-04-17T12:31:25","slug":"einstieg-beruf-berufsfeld-kuche-ubungsheft","status":"publish","type":"product","link":"https:\/\/exlibris.ee\/ru\/produkt\/einstieg-beruf-berufsfeld-kuche-ubungsheft\/","title":{"rendered":"Einstieg Beruf, Berufsfeld K\u00fcche, \u00dcbungsheft"},"content":{"rendered":"<p>Einstieg Beruf unterst\u00fctzt Erwachsene und junge Erwachsene bei ihren ersten Schritten auf dem Arbeitsmarkt in Deutschland und bietet einen einfachen Einstieg in die deutsche Sprache. Vermittelt berufsspezifischen Wortschatz, Trainiert grundlegende Kommunikationssituationen am Arbeitsplatz und f\u00f6rdert praxisnah den Dialog, Bereitet auf den Berufsalltag vor und hilft, Handlungsanweisungen zu verstehen und auszuf\u00fchren, Verbessert die Lesekompetenz durch einfache kurze Lesetexte.<\/p>\n","protected":false},"excerpt":{"rendered":"<p>Einstieg Beruf unterst\u00fctzt Erwachsene und junge Erwachsene bei ihren ersten Schritten auf dem Arbeitsmarkt in Deutschland und bietet einen einfachen Einstieg in die deutsche Sprache. Vermittelt berufsspezifischen Wortschatz, Trainiert grundlegende Kommunikationssituationen am Arbeitsplatz und f\u00f6rdert praxisnah den Dialog, Bereitet auf&#8230;<\/p>\n","protected":false},"featured_media":320585,"template":"","meta":{"_acf_changed":false,"inline_featured_image":false},"product_brand":[],"product_cat":[885],"product_tag":[],"series":[],"publisher":[{"id":473,"name":"Klett Verlag","slug":"klett-verlag"}],"class_list":{"0":"post-90094","1":"product","2":"type-product","3":"status-publish","4":"has-post-thumbnail","6":"product_cat-berufssprache","7":"publisher-klett-verlag","9":"first","10":"onbackorder","11":"taxable","12":"shipping-taxable","13":"purchasable","14":"product-type-simple"},"acf":[],"_links":{"self":[{"href":"https:\/\/exlibris.ee\/ru\/wp-json\/wp\/v2\/product\/90094","targetHints":{"allow":["GET"]}}],"collection":[{"href":"https:\/\/exlibris.ee\/ru\/wp-json\/wp\/v2\/product"}],"about":[{"href":"https:\/\/exlibris.ee\/ru\/wp-json\/wp\/v2\/types\/product"}],"wp:featuredmedia":[{"embeddable":true,"href":"https:\/\/exlibris.ee\/ru\/wp-json\/wp\/v2\/media\/320585"}],"wp:attachment":[{"href":"https:\/\/exlibris.ee\/ru\/wp-json\/wp\/v2\/media?parent=90094"}],"wp:term":[{"taxonomy":"product_brand","embeddable":true,"href":"https:\/\/exlibris.ee\/ru\/wp-json\/wp\/v2\/product_brand?post=90094"},{"taxonomy":"product_cat","embeddable":true,"href":"https:\/\/exlibris.ee\/ru\/wp-json\/wp\/v2\/product_cat?post=90094"},{"taxonomy":"product_tag","embeddable":true,"href":"https:\/\/exlibris.ee\/ru\/wp-json\/wp\/v2\/product_tag?post=90094"},{"taxonomy":"series","embeddable":true,"href":"https:\/\/exlibris.ee\/ru\/wp-json\/wp\/v2\/series?post=90094"},{"taxonomy":"publisher","embeddable":true,"href":"https:\/\/exlibris.ee\/ru\/wp-json\/wp\/v2\/publisher?post=90094"}],"curies":[{"name":"wp","href":"https:\/\/api.w.org\/{rel}","templated":true}]}}