{"id":90097,"date":"2023-07-21T12:12:20","date_gmt":"2023-07-21T09:12:20","guid":{"rendered":"https:\/\/exlibris.ee\/toode\/einstieg-beruf-berufsf-altenpflege-ubungsheft\/"},"modified":"2026-04-20T09:28:20","modified_gmt":"2026-04-20T06:28:20","slug":"einstieg-beruf-berufsf-altenpflege-ubungsheft","status":"publish","type":"product","link":"https:\/\/exlibris.ee\/ru\/produkt\/einstieg-beruf-berufsf-altenpflege-ubungsheft\/","title":{"rendered":"Einstieg Beruf, Berufsf.Altenpflege. \u00dcbungsheft"},"content":{"rendered":"<p>Einstieg Beruf unterst\u00fctzt Erwachsene und junge Erwachsene bei ihren ersten Schritten auf dem Arbeitsmarkt in Deutschland und bietet einen einfachen Einstieg in die deutsche Sprache. Auch f\u00fcr die Berufsfelder Bau, K\u00fcche, Lager und Reinigung erh\u00e4ltlich.<\/p>\n","protected":false},"excerpt":{"rendered":"<p>Einstieg Beruf unterst\u00fctzt Erwachsene und junge Erwachsene bei ihren ersten Schritten auf dem Arbeitsmarkt in Deutschland und bietet einen einfachen Einstieg in die deutsche Sprache. Auch f\u00fcr die Berufsfelder Bau, K\u00fcche, Lager und Reinigung erh\u00e4ltlich.<\/p>\n","protected":false},"featured_media":372002,"template":"","meta":{"_acf_changed":false,"inline_featured_image":false},"product_brand":[],"product_cat":[885],"product_tag":[],"series":[],"publisher":[{"id":473,"name":"Klett Verlag","slug":"klett-verlag"}],"class_list":{"0":"post-90097","1":"product","2":"type-product","3":"status-publish","4":"has-post-thumbnail","6":"product_cat-berufssprache","7":"publisher-klett-verlag","9":"first","10":"onbackorder","11":"taxable","12":"shipping-taxable","13":"purchasable","14":"product-type-simple"},"acf":[],"_links":{"self":[{"href":"https:\/\/exlibris.ee\/ru\/wp-json\/wp\/v2\/product\/90097","targetHints":{"allow":["GET"]}}],"collection":[{"href":"https:\/\/exlibris.ee\/ru\/wp-json\/wp\/v2\/product"}],"about":[{"href":"https:\/\/exlibris.ee\/ru\/wp-json\/wp\/v2\/types\/product"}],"wp:featuredmedia":[{"embeddable":true,"href":"https:\/\/exlibris.ee\/ru\/wp-json\/wp\/v2\/media\/372002"}],"wp:attachment":[{"href":"https:\/\/exlibris.ee\/ru\/wp-json\/wp\/v2\/media?parent=90097"}],"wp:term":[{"taxonomy":"product_brand","embeddable":true,"href":"https:\/\/exlibris.ee\/ru\/wp-json\/wp\/v2\/product_brand?post=90097"},{"taxonomy":"product_cat","embeddable":true,"href":"https:\/\/exlibris.ee\/ru\/wp-json\/wp\/v2\/product_cat?post=90097"},{"taxonomy":"product_tag","embeddable":true,"href":"https:\/\/exlibris.ee\/ru\/wp-json\/wp\/v2\/product_tag?post=90097"},{"taxonomy":"series","embeddable":true,"href":"https:\/\/exlibris.ee\/ru\/wp-json\/wp\/v2\/series?post=90097"},{"taxonomy":"publisher","embeddable":true,"href":"https:\/\/exlibris.ee\/ru\/wp-json\/wp\/v2\/publisher?post=90097"}],"curies":[{"name":"wp","href":"https:\/\/api.w.org\/{rel}","templated":true}]}}