{"id":90101,"date":"2023-07-21T12:12:21","date_gmt":"2023-07-21T09:12:21","guid":{"rendered":"https:\/\/exlibris.ee\/toode\/daf-im-unternehmen-a2-kurs-ubungsbuch\/"},"modified":"2026-04-04T03:13:49","modified_gmt":"2026-04-04T00:13:49","slug":"daf-im-unternehmen-a2-kurs-ubungsbuch","status":"publish","type":"product","link":"https:\/\/exlibris.ee\/ru\/produkt\/daf-im-unternehmen-a2-kurs-ubungsbuch\/","title":{"rendered":"DaF im Unternehmen A2, Kurs-\/\u00dcbungsbuch"},"content":{"rendered":"<p>F\u00fcr alle, die Deutsch mit Beruf verbinden. Das neue Wirtschaftslehrwerk von A1 bis B2. F\u00fcr Erwachsene und Jugendliche ab 16 Jahren mit und ohne Berufserfahrung. Auch f\u00fcr absolute Anf\u00e4nger geeignet. Trainiert grundlegende berufliche Kompetenzen und Kommunikationssituationen.<\/p>\n","protected":false},"excerpt":{"rendered":"<p>F\u00fcr alle, die Deutsch mit Beruf verbinden. Das neue Wirtschaftslehrwerk von A1 bis B2. F\u00fcr Erwachsene und Jugendliche ab 16 Jahren mit und ohne Berufserfahrung. Auch f\u00fcr absolute Anf\u00e4nger geeignet. Trainiert grundlegende berufliche Kompetenzen und Kommunikationssituationen.<\/p>\n","protected":false},"featured_media":89976,"template":"","meta":{"_acf_changed":false,"inline_featured_image":false},"product_brand":[],"product_cat":[885],"product_tag":[],"series":[{"id":1450,"name":"DaF im Unternehmen","slug":"daf-im-unternehmen"}],"publisher":[{"id":473,"name":"Klett Verlag","slug":"klett-verlag"}],"class_list":{"0":"post-90101","1":"product","2":"type-product","3":"status-publish","4":"has-post-thumbnail","6":"product_cat-berufssprache","7":"series-daf-im-unternehmen","8":"publisher-klett-verlag","10":"first","11":"onbackorder","12":"taxable","13":"shipping-taxable","14":"purchasable","15":"product-type-simple"},"acf":[],"_links":{"self":[{"href":"https:\/\/exlibris.ee\/ru\/wp-json\/wp\/v2\/product\/90101","targetHints":{"allow":["GET"]}}],"collection":[{"href":"https:\/\/exlibris.ee\/ru\/wp-json\/wp\/v2\/product"}],"about":[{"href":"https:\/\/exlibris.ee\/ru\/wp-json\/wp\/v2\/types\/product"}],"wp:featuredmedia":[{"embeddable":true,"href":"https:\/\/exlibris.ee\/ru\/wp-json\/wp\/v2\/media\/89976"}],"wp:attachment":[{"href":"https:\/\/exlibris.ee\/ru\/wp-json\/wp\/v2\/media?parent=90101"}],"wp:term":[{"taxonomy":"product_brand","embeddable":true,"href":"https:\/\/exlibris.ee\/ru\/wp-json\/wp\/v2\/product_brand?post=90101"},{"taxonomy":"product_cat","embeddable":true,"href":"https:\/\/exlibris.ee\/ru\/wp-json\/wp\/v2\/product_cat?post=90101"},{"taxonomy":"product_tag","embeddable":true,"href":"https:\/\/exlibris.ee\/ru\/wp-json\/wp\/v2\/product_tag?post=90101"},{"taxonomy":"series","embeddable":true,"href":"https:\/\/exlibris.ee\/ru\/wp-json\/wp\/v2\/series?post=90101"},{"taxonomy":"publisher","embeddable":true,"href":"https:\/\/exlibris.ee\/ru\/wp-json\/wp\/v2\/publisher?post=90101"}],"curies":[{"name":"wp","href":"https:\/\/api.w.org\/{rel}","templated":true}]}}