{"id":90130,"date":"2023-07-21T12:12:24","date_gmt":"2023-07-21T09:12:24","guid":{"rendered":"https:\/\/exlibris.ee\/toode\/mit-erfolg-zum-deutsch-test-fur-den-beruf-c1-test-ubungsbuch\/"},"modified":"2026-04-06T09:10:20","modified_gmt":"2026-04-06T06:10:20","slug":"mit-erfolg-zum-deutsch-test-fur-den-beruf-c1-test-ubungsbuch","status":"publish","type":"product","link":"https:\/\/exlibris.ee\/ru\/produkt\/mit-erfolg-zum-deutsch-test-fur-den-beruf-c1-test-ubungsbuch\/","title":{"rendered":"Mit Erfolg zum Deutsch-Test f\u00fcr den Beruf C1 &#8212; Test-\/\u00dcbungsbuch"},"content":{"rendered":"<p>Gezielte Pr\u00fcfungsvorbereitung auf die verbindliche Abschlusspr\u00fcfung f\u00fcr den Basisberufssprachkurs C1 F\u00fcr den Deutschkurs und f\u00fcr Selbstlernende.<\/p>\n","protected":false},"excerpt":{"rendered":"<p>Gezielte Pr\u00fcfungsvorbereitung auf die verbindliche Abschlusspr\u00fcfung f\u00fcr den Basisberufssprachkurs C1 F\u00fcr den Deutschkurs und f\u00fcr Selbstlernende.<\/p>\n","protected":false},"featured_media":90078,"template":"","meta":{"_acf_changed":false,"inline_featured_image":false},"product_brand":[],"product_cat":[507],"product_tag":[],"series":[{"id":1452,"name":"Beruf B1","slug":"beruf-b1"}],"publisher":[{"id":473,"name":"Klett Verlag","slug":"klett-verlag"}],"class_list":{"0":"post-90130","1":"product","2":"type-product","3":"status-publish","4":"has-post-thumbnail","6":"product_cat-prufungsvorbereitung","7":"series-beruf-b1","8":"publisher-klett-verlag","10":"first","11":"onbackorder","12":"taxable","13":"shipping-taxable","14":"purchasable","15":"product-type-simple"},"acf":[],"_links":{"self":[{"href":"https:\/\/exlibris.ee\/ru\/wp-json\/wp\/v2\/product\/90130","targetHints":{"allow":["GET"]}}],"collection":[{"href":"https:\/\/exlibris.ee\/ru\/wp-json\/wp\/v2\/product"}],"about":[{"href":"https:\/\/exlibris.ee\/ru\/wp-json\/wp\/v2\/types\/product"}],"wp:featuredmedia":[{"embeddable":true,"href":"https:\/\/exlibris.ee\/ru\/wp-json\/wp\/v2\/media\/90078"}],"wp:attachment":[{"href":"https:\/\/exlibris.ee\/ru\/wp-json\/wp\/v2\/media?parent=90130"}],"wp:term":[{"taxonomy":"product_brand","embeddable":true,"href":"https:\/\/exlibris.ee\/ru\/wp-json\/wp\/v2\/product_brand?post=90130"},{"taxonomy":"product_cat","embeddable":true,"href":"https:\/\/exlibris.ee\/ru\/wp-json\/wp\/v2\/product_cat?post=90130"},{"taxonomy":"product_tag","embeddable":true,"href":"https:\/\/exlibris.ee\/ru\/wp-json\/wp\/v2\/product_tag?post=90130"},{"taxonomy":"series","embeddable":true,"href":"https:\/\/exlibris.ee\/ru\/wp-json\/wp\/v2\/series?post=90130"},{"taxonomy":"publisher","embeddable":true,"href":"https:\/\/exlibris.ee\/ru\/wp-json\/wp\/v2\/publisher?post=90130"}],"curies":[{"name":"wp","href":"https:\/\/api.w.org\/{rel}","templated":true}]}}