{"id":90131,"date":"2023-07-21T12:12:24","date_gmt":"2023-07-21T09:12:24","guid":{"rendered":"https:\/\/exlibris.ee\/toode\/mit-erfolg-zu-telc-c1-hochschule-testb\/"},"modified":"2026-04-14T19:19:55","modified_gmt":"2026-04-14T16:19:55","slug":"mit-erfolg-zu-telc-c1-hochschule-testb","status":"publish","type":"product","link":"https:\/\/exlibris.ee\/ru\/produkt\/mit-erfolg-zu-telc-c1-hochschule-testb\/","title":{"rendered":"Mit Erfolg zu telc C1 Hochschule &#8212; Testb"},"content":{"rendered":"<p>Das Testbuch bietet: Ausf\u00fchrliche Erl\u00e4uterungen zur Pr\u00fcfung, Detaillierte Beschreibungen aller vier Pr\u00fcfungsteile\/ Subtests: Leseverstehen (inklusive Sprachbausteine) H\u00f6rverstehen Schriftlicher Ausdruck M\u00fcndlicher Ausdruck Drei komplette Modelltests zum \u00dcben, L\u00f6sungsstrategien, Tipps und Hinweise zur optimalen Pr\u00fcfungsvorbereitung, Die Transkription aller H\u00f6rtexte, Alle pr\u00fcfungsrelevanten Aufgabentypen, L\u00f6sungen mit ausf\u00fchrlichen Kommentaren und Erl\u00e4uterungen, Audiodaten verf\u00fcgbar \u00fcber die kostenlose Klett-Augmented-App sowie online \u00fcber Code abrufbar.<\/p>\n","protected":false},"excerpt":{"rendered":"<p>Das Testbuch bietet: Ausf\u00fchrliche Erl\u00e4uterungen zur Pr\u00fcfung, Detaillierte Beschreibungen aller vier Pr\u00fcfungsteile\/ Subtests: Leseverstehen (inklusive Sprachbausteine) H\u00f6rverstehen Schriftlicher Ausdruck M\u00fcndlicher Ausdruck Drei komplette Modelltests zum \u00dcben, L\u00f6sungsstrategien, Tipps und Hinweise zur optimalen Pr\u00fcfungsvorbereitung, Die Transkription aller H\u00f6rtexte, Alle pr\u00fcfungsrelevanten Aufgabentypen,&#8230;<\/p>\n","protected":false},"featured_media":269165,"template":"","meta":{"_acf_changed":false,"inline_featured_image":false},"product_brand":[],"product_cat":[507],"product_tag":[],"series":[{"id":1454,"name":"telc C1","slug":"telc-c1"}],"publisher":[{"id":473,"name":"Klett Verlag","slug":"klett-verlag"}],"class_list":{"0":"post-90131","1":"product","2":"type-product","3":"status-publish","4":"has-post-thumbnail","6":"product_cat-prufungsvorbereitung","7":"series-telc-c1","8":"publisher-klett-verlag","10":"first","11":"onbackorder","12":"taxable","13":"shipping-taxable","14":"purchasable","15":"product-type-simple"},"acf":[],"_links":{"self":[{"href":"https:\/\/exlibris.ee\/ru\/wp-json\/wp\/v2\/product\/90131","targetHints":{"allow":["GET"]}}],"collection":[{"href":"https:\/\/exlibris.ee\/ru\/wp-json\/wp\/v2\/product"}],"about":[{"href":"https:\/\/exlibris.ee\/ru\/wp-json\/wp\/v2\/types\/product"}],"wp:featuredmedia":[{"embeddable":true,"href":"https:\/\/exlibris.ee\/ru\/wp-json\/wp\/v2\/media\/269165"}],"wp:attachment":[{"href":"https:\/\/exlibris.ee\/ru\/wp-json\/wp\/v2\/media?parent=90131"}],"wp:term":[{"taxonomy":"product_brand","embeddable":true,"href":"https:\/\/exlibris.ee\/ru\/wp-json\/wp\/v2\/product_brand?post=90131"},{"taxonomy":"product_cat","embeddable":true,"href":"https:\/\/exlibris.ee\/ru\/wp-json\/wp\/v2\/product_cat?post=90131"},{"taxonomy":"product_tag","embeddable":true,"href":"https:\/\/exlibris.ee\/ru\/wp-json\/wp\/v2\/product_tag?post=90131"},{"taxonomy":"series","embeddable":true,"href":"https:\/\/exlibris.ee\/ru\/wp-json\/wp\/v2\/series?post=90131"},{"taxonomy":"publisher","embeddable":true,"href":"https:\/\/exlibris.ee\/ru\/wp-json\/wp\/v2\/publisher?post=90131"}],"curies":[{"name":"wp","href":"https:\/\/api.w.org\/{rel}","templated":true}]}}