{"id":90132,"date":"2023-07-21T12:12:24","date_gmt":"2023-07-21T09:12:24","guid":{"rendered":"https:\/\/exlibris.ee\/toode\/mit-erfolg-zu-telc-c1-hochschule-ubung\/"},"modified":"2026-04-14T19:19:55","modified_gmt":"2026-04-14T16:19:55","slug":"mit-erfolg-zu-telc-c1-hochschule-ubung","status":"publish","type":"product","link":"https:\/\/exlibris.ee\/ru\/produkt\/mit-erfolg-zu-telc-c1-hochschule-ubung\/","title":{"rendered":"Mit Erfolg zu telc C1 Hochschule &#8212; \u00dcbung"},"content":{"rendered":"<p>Das komplette Training zur Pr\u00fcfung, L\u00f6sungsstrategien und wichtige Hilfestellung zur Pr\u00fcfungsvorbereitung, Ein Schritt-f\u00fcr-Schritt-Trainingsprogramm zu jedem Pr\u00fcfungsteil\/Subtest: Leseverstehen (inklusive Sprachbausteine), H\u00f6rverstehen, Schriftlicher Ausdruck, M\u00fcndlicher Ausdruck, \u00dcbungen zum Erschlie\u00dfen von Wortschatz und zu pr\u00fcfungsrelevanten Grammatikthemen, Trainingsseiten: Typische Fehler vermeiden, Transkription der H\u00f6rtexte (verf\u00fcgbar \u00fcber die kostenlose Klett-Augmented-App sowie online \u00fcber Code abrufbar), L\u00f6sungen zur Selbstkontrolle.<\/p>\n","protected":false},"excerpt":{"rendered":"<p>Das komplette Training zur Pr\u00fcfung, L\u00f6sungsstrategien und wichtige Hilfestellung zur Pr\u00fcfungsvorbereitung, Ein Schritt-f\u00fcr-Schritt-Trainingsprogramm zu jedem Pr\u00fcfungsteil\/Subtest: Leseverstehen (inklusive Sprachbausteine), H\u00f6rverstehen, Schriftlicher Ausdruck, M\u00fcndlicher Ausdruck, \u00dcbungen zum Erschlie\u00dfen von Wortschatz und zu pr\u00fcfungsrelevanten Grammatikthemen, Trainingsseiten: Typische Fehler vermeiden, Transkription der H\u00f6rtexte&#8230;<\/p>\n","protected":false},"featured_media":269166,"template":"","meta":{"_acf_changed":false,"inline_featured_image":false},"product_brand":[],"product_cat":[507],"product_tag":[],"series":[{"id":1454,"name":"telc C1","slug":"telc-c1"}],"publisher":[{"id":473,"name":"Klett Verlag","slug":"klett-verlag"}],"class_list":{"0":"post-90132","1":"product","2":"type-product","3":"status-publish","4":"has-post-thumbnail","6":"product_cat-prufungsvorbereitung","7":"series-telc-c1","8":"publisher-klett-verlag","10":"first","11":"onbackorder","12":"taxable","13":"shipping-taxable","14":"purchasable","15":"product-type-simple"},"acf":[],"_links":{"self":[{"href":"https:\/\/exlibris.ee\/ru\/wp-json\/wp\/v2\/product\/90132","targetHints":{"allow":["GET"]}}],"collection":[{"href":"https:\/\/exlibris.ee\/ru\/wp-json\/wp\/v2\/product"}],"about":[{"href":"https:\/\/exlibris.ee\/ru\/wp-json\/wp\/v2\/types\/product"}],"wp:featuredmedia":[{"embeddable":true,"href":"https:\/\/exlibris.ee\/ru\/wp-json\/wp\/v2\/media\/269166"}],"wp:attachment":[{"href":"https:\/\/exlibris.ee\/ru\/wp-json\/wp\/v2\/media?parent=90132"}],"wp:term":[{"taxonomy":"product_brand","embeddable":true,"href":"https:\/\/exlibris.ee\/ru\/wp-json\/wp\/v2\/product_brand?post=90132"},{"taxonomy":"product_cat","embeddable":true,"href":"https:\/\/exlibris.ee\/ru\/wp-json\/wp\/v2\/product_cat?post=90132"},{"taxonomy":"product_tag","embeddable":true,"href":"https:\/\/exlibris.ee\/ru\/wp-json\/wp\/v2\/product_tag?post=90132"},{"taxonomy":"series","embeddable":true,"href":"https:\/\/exlibris.ee\/ru\/wp-json\/wp\/v2\/series?post=90132"},{"taxonomy":"publisher","embeddable":true,"href":"https:\/\/exlibris.ee\/ru\/wp-json\/wp\/v2\/publisher?post=90132"}],"curies":[{"name":"wp","href":"https:\/\/api.w.org\/{rel}","templated":true}]}}