{"id":90133,"date":"2023-07-21T12:12:24","date_gmt":"2023-07-21T09:12:24","guid":{"rendered":"https:\/\/exlibris.ee\/toode\/mit-erfolg-zur-dsh-ub\/"},"modified":"2026-04-24T19:27:45","modified_gmt":"2026-04-24T16:27:45","slug":"mit-erfolg-zur-dsh-ub","status":"publish","type":"product","link":"https:\/\/exlibris.ee\/ru\/produkt\/mit-erfolg-zur-dsh-ub\/","title":{"rendered":"Mit Erfolg zur DSH, \u00dcB"},"content":{"rendered":"<p>Zur erfolgreichen Vorbereitung auf die Deutsche Sprachpr\u00fcfung f\u00fcr den Hochschulzugang (DSH) nach der aktuellen Rahmenordnung. F\u00fcr Pr\u00fcfungsvorbereitungskurse und zum Selbstlernen.<\/p>\n","protected":false},"excerpt":{"rendered":"<p>Zur erfolgreichen Vorbereitung auf die Deutsche Sprachpr\u00fcfung f\u00fcr den Hochschulzugang (DSH) nach der aktuellen Rahmenordnung. F\u00fcr Pr\u00fcfungsvorbereitungskurse und zum Selbstlernen.<\/p>\n","protected":false},"featured_media":456529,"template":"","meta":{"_acf_changed":false,"inline_featured_image":false},"product_brand":[],"product_cat":[507],"product_tag":[],"series":[{"id":1456,"name":"DSH","slug":"dsh"}],"publisher":[{"id":473,"name":"Klett Verlag","slug":"klett-verlag"}],"class_list":{"0":"post-90133","1":"product","2":"type-product","3":"status-publish","4":"has-post-thumbnail","6":"product_cat-prufungsvorbereitung","7":"series-dsh","8":"publisher-klett-verlag","10":"first","11":"onbackorder","12":"taxable","13":"shipping-taxable","14":"purchasable","15":"product-type-simple"},"acf":[],"_links":{"self":[{"href":"https:\/\/exlibris.ee\/ru\/wp-json\/wp\/v2\/product\/90133","targetHints":{"allow":["GET"]}}],"collection":[{"href":"https:\/\/exlibris.ee\/ru\/wp-json\/wp\/v2\/product"}],"about":[{"href":"https:\/\/exlibris.ee\/ru\/wp-json\/wp\/v2\/types\/product"}],"wp:featuredmedia":[{"embeddable":true,"href":"https:\/\/exlibris.ee\/ru\/wp-json\/wp\/v2\/media\/456529"}],"wp:attachment":[{"href":"https:\/\/exlibris.ee\/ru\/wp-json\/wp\/v2\/media?parent=90133"}],"wp:term":[{"taxonomy":"product_brand","embeddable":true,"href":"https:\/\/exlibris.ee\/ru\/wp-json\/wp\/v2\/product_brand?post=90133"},{"taxonomy":"product_cat","embeddable":true,"href":"https:\/\/exlibris.ee\/ru\/wp-json\/wp\/v2\/product_cat?post=90133"},{"taxonomy":"product_tag","embeddable":true,"href":"https:\/\/exlibris.ee\/ru\/wp-json\/wp\/v2\/product_tag?post=90133"},{"taxonomy":"series","embeddable":true,"href":"https:\/\/exlibris.ee\/ru\/wp-json\/wp\/v2\/series?post=90133"},{"taxonomy":"publisher","embeddable":true,"href":"https:\/\/exlibris.ee\/ru\/wp-json\/wp\/v2\/publisher?post=90133"}],"curies":[{"name":"wp","href":"https:\/\/api.w.org\/{rel}","templated":true}]}}