{"id":90169,"date":"2023-07-21T12:14:06","date_gmt":"2023-07-21T09:14:06","guid":{"rendered":"https:\/\/exlibris.ee\/toode\/mez-zertifikat-dt-b1-telc-ub\/"},"modified":"2026-04-06T09:10:20","modified_gmt":"2026-04-06T06:10:20","slug":"mez-zertifikat-dt-b1-telc-ub","status":"publish","type":"product","link":"https:\/\/exlibris.ee\/ru\/produkt\/mez-zertifikat-dt-b1-telc-ub\/","title":{"rendered":"MEz Zertifikat Dt. B1 telc, \u00dcB"},"content":{"rendered":"<p>Mit Erfolg zum Zertifikat Deutsch (telc Deutsch B1) gezielte Pr\u00fcfungsvorbereitung auf das Zertifikat Deutsch (telc Deutsch B1). F\u00fcr Ihren Deutschkurs und f\u00fcr Selbstlerner.<\/p>\n","protected":false},"excerpt":{"rendered":"<p>Mit Erfolg zum Zertifikat Deutsch (telc Deutsch B1) gezielte Pr\u00fcfungsvorbereitung auf das Zertifikat Deutsch (telc Deutsch B1). F\u00fcr Ihren Deutschkurs und f\u00fcr Selbstlerner.<\/p>\n","protected":false},"featured_media":90143,"template":"","meta":{"_acf_changed":false,"inline_featured_image":false},"product_brand":[],"product_cat":[507],"product_tag":[],"series":[{"id":1458,"name":"telc B1","slug":"telc-b1"}],"publisher":[{"id":473,"name":"Klett Verlag","slug":"klett-verlag"}],"class_list":{"0":"post-90169","1":"product","2":"type-product","3":"status-publish","4":"has-post-thumbnail","6":"product_cat-prufungsvorbereitung","7":"series-telc-b1","8":"publisher-klett-verlag","10":"first","11":"onbackorder","12":"taxable","13":"shipping-taxable","14":"purchasable","15":"product-type-simple"},"acf":[],"_links":{"self":[{"href":"https:\/\/exlibris.ee\/ru\/wp-json\/wp\/v2\/product\/90169","targetHints":{"allow":["GET"]}}],"collection":[{"href":"https:\/\/exlibris.ee\/ru\/wp-json\/wp\/v2\/product"}],"about":[{"href":"https:\/\/exlibris.ee\/ru\/wp-json\/wp\/v2\/types\/product"}],"wp:featuredmedia":[{"embeddable":true,"href":"https:\/\/exlibris.ee\/ru\/wp-json\/wp\/v2\/media\/90143"}],"wp:attachment":[{"href":"https:\/\/exlibris.ee\/ru\/wp-json\/wp\/v2\/media?parent=90169"}],"wp:term":[{"taxonomy":"product_brand","embeddable":true,"href":"https:\/\/exlibris.ee\/ru\/wp-json\/wp\/v2\/product_brand?post=90169"},{"taxonomy":"product_cat","embeddable":true,"href":"https:\/\/exlibris.ee\/ru\/wp-json\/wp\/v2\/product_cat?post=90169"},{"taxonomy":"product_tag","embeddable":true,"href":"https:\/\/exlibris.ee\/ru\/wp-json\/wp\/v2\/product_tag?post=90169"},{"taxonomy":"series","embeddable":true,"href":"https:\/\/exlibris.ee\/ru\/wp-json\/wp\/v2\/series?post=90169"},{"taxonomy":"publisher","embeddable":true,"href":"https:\/\/exlibris.ee\/ru\/wp-json\/wp\/v2\/publisher?post=90169"}],"curies":[{"name":"wp","href":"https:\/\/api.w.org\/{rel}","templated":true}]}}