{"id":90171,"date":"2023-07-21T12:14:06","date_gmt":"2023-07-21T09:14:06","guid":{"rendered":"https:\/\/exlibris.ee\/toode\/mit-erfolg-zum-dtsch-test-f-d-beruf-b2-testbuch\/"},"modified":"2026-04-18T15:30:07","modified_gmt":"2026-04-18T12:30:07","slug":"mit-erfolg-zum-dtsch-test-f-d-beruf-b2-testbuch","status":"publish","type":"product","link":"https:\/\/exlibris.ee\/ru\/produkt\/mit-erfolg-zum-dtsch-test-f-d-beruf-b2-testbuch\/","title":{"rendered":"Mit Erfolg zum Dtsch-Test f.d. Beruf B2, Testbuch"},"content":{"rendered":"<p>Gezielte Pr\u00fcfungsvorbereitung auf die verbindliche Abschlusspr\u00fcfung f\u00fcr den Spezialberufssprachkurs B2. F\u00fcr den Deutschkurs und f\u00fcr Selbstlernende.<\/p>\n","protected":false},"excerpt":{"rendered":"<p>Gezielte Pr\u00fcfungsvorbereitung auf die verbindliche Abschlusspr\u00fcfung f\u00fcr den Spezialberufssprachkurs B2. F\u00fcr den Deutschkurs und f\u00fcr Selbstlernende.<\/p>\n","protected":false},"featured_media":337705,"template":"","meta":{"_acf_changed":false,"inline_featured_image":false},"product_brand":[],"product_cat":[507],"product_tag":[],"series":[{"id":1459,"name":"Beruf B2","slug":"beruf-b2"}],"publisher":[{"id":473,"name":"Klett Verlag","slug":"klett-verlag"}],"class_list":{"0":"post-90171","1":"product","2":"type-product","3":"status-publish","4":"has-post-thumbnail","6":"product_cat-prufungsvorbereitung","7":"series-beruf-b2","8":"publisher-klett-verlag","10":"first","11":"onbackorder","12":"taxable","13":"shipping-taxable","14":"purchasable","15":"product-type-simple"},"acf":[],"_links":{"self":[{"href":"https:\/\/exlibris.ee\/ru\/wp-json\/wp\/v2\/product\/90171","targetHints":{"allow":["GET"]}}],"collection":[{"href":"https:\/\/exlibris.ee\/ru\/wp-json\/wp\/v2\/product"}],"about":[{"href":"https:\/\/exlibris.ee\/ru\/wp-json\/wp\/v2\/types\/product"}],"wp:featuredmedia":[{"embeddable":true,"href":"https:\/\/exlibris.ee\/ru\/wp-json\/wp\/v2\/media\/337705"}],"wp:attachment":[{"href":"https:\/\/exlibris.ee\/ru\/wp-json\/wp\/v2\/media?parent=90171"}],"wp:term":[{"taxonomy":"product_brand","embeddable":true,"href":"https:\/\/exlibris.ee\/ru\/wp-json\/wp\/v2\/product_brand?post=90171"},{"taxonomy":"product_cat","embeddable":true,"href":"https:\/\/exlibris.ee\/ru\/wp-json\/wp\/v2\/product_cat?post=90171"},{"taxonomy":"product_tag","embeddable":true,"href":"https:\/\/exlibris.ee\/ru\/wp-json\/wp\/v2\/product_tag?post=90171"},{"taxonomy":"series","embeddable":true,"href":"https:\/\/exlibris.ee\/ru\/wp-json\/wp\/v2\/series?post=90171"},{"taxonomy":"publisher","embeddable":true,"href":"https:\/\/exlibris.ee\/ru\/wp-json\/wp\/v2\/publisher?post=90171"}],"curies":[{"name":"wp","href":"https:\/\/api.w.org\/{rel}","templated":true}]}}