{"id":90173,"date":"2023-07-21T12:14:06","date_gmt":"2023-07-21T09:14:06","guid":{"rendered":"https:\/\/exlibris.ee\/toode\/mez-dtz-neue-ausgabe\/"},"modified":"2026-04-18T15:30:08","modified_gmt":"2026-04-18T12:30:08","slug":"mez-dtz-neue-ausgabe","status":"publish","type":"product","link":"https:\/\/exlibris.ee\/ru\/produkt\/mez-dtz-neue-ausgabe\/","title":{"rendered":"MEz DTZ &#8212; neue Ausgabe"},"content":{"rendered":"<p>Mit Erfolg zum Deutsch-Test f\u00fcr Zuwanderer A2 \u2013 B1 &#8212; Neuausgabe &#8212; das neue Training zur aktuellen Pr\u00fcfung &#8212; f\u00fcr den Deutschkurs oder zum allein Lernen. Das \u00dcbungs- und Testbuch bereitet Sie sicher gut vor: Modelltest 1 \u2013Pr\u00fcfungsaufgaben kennenlernen: das Aufgabenblatt verstehen, die Aufgaben Schritt-f\u00fcr-Schritt l\u00f6sen, die L\u00f6sungen verstehen. \u00dcben \u2013 f\u00fcr jeden Pr\u00fcfungsteil wichtige W\u00f6rter, Grammatik und L\u00f6sungsstrategien trainieren. Modelltest 2 \u2013 Das Ge\u00fcbte anwenden, die komplette Pr\u00fcfung l\u00f6sen und mit kommentierten L\u00f6sungen vergleichen. Modelltest 3 \u2013 Die Pr\u00fcfung simulieren. Training in leicht verst\u00e4ndlicher Sprache Unterschiede zwischen den Niveaus A2 und B1 in den Teilen Schreiben und Sprechen werden durch L\u00f6sungsbeispiele deutlich H\u00f6rdateien und H\u00f6rtexte \u00fcber App oder Online-Code EXTRA mit digitalem Zusatztraining: Quiz zum \u00dcben wichtiger W\u00f6rter aus der offiziellen DTZ-Wortliste. Videos zum Ansehen und Mitsprechen zu allen drei Teilen der m\u00fcndlichen Pr\u00fcfung. DTZ_INHALT Inhaltsverzeichnis und Konzeption.<\/p>\n","protected":false},"excerpt":{"rendered":"<p>Mit Erfolg zum Deutsch-Test f\u00fcr Zuwanderer A2 \u2013 B1 &#8212; Neuausgabe &#8212; das neue Training zur aktuellen Pr\u00fcfung &#8212; f\u00fcr den Deutschkurs oder zum allein Lernen. Das \u00dcbungs- und Testbuch bereitet Sie sicher gut vor: Modelltest 1 \u2013Pr\u00fcfungsaufgaben kennenlernen: das&#8230;<\/p>\n","protected":false},"featured_media":337712,"template":"","meta":{"_acf_changed":false,"inline_featured_image":false},"product_brand":[],"product_cat":[507],"product_tag":[],"series":[],"publisher":[{"id":473,"name":"Klett Verlag","slug":"klett-verlag"}],"class_list":{"0":"post-90173","1":"product","2":"type-product","3":"status-publish","4":"has-post-thumbnail","6":"product_cat-prufungsvorbereitung","7":"publisher-klett-verlag","9":"first","10":"onbackorder","11":"taxable","12":"shipping-taxable","13":"purchasable","14":"product-type-simple"},"acf":[],"_links":{"self":[{"href":"https:\/\/exlibris.ee\/ru\/wp-json\/wp\/v2\/product\/90173","targetHints":{"allow":["GET"]}}],"collection":[{"href":"https:\/\/exlibris.ee\/ru\/wp-json\/wp\/v2\/product"}],"about":[{"href":"https:\/\/exlibris.ee\/ru\/wp-json\/wp\/v2\/types\/product"}],"wp:featuredmedia":[{"embeddable":true,"href":"https:\/\/exlibris.ee\/ru\/wp-json\/wp\/v2\/media\/337712"}],"wp:attachment":[{"href":"https:\/\/exlibris.ee\/ru\/wp-json\/wp\/v2\/media?parent=90173"}],"wp:term":[{"taxonomy":"product_brand","embeddable":true,"href":"https:\/\/exlibris.ee\/ru\/wp-json\/wp\/v2\/product_brand?post=90173"},{"taxonomy":"product_cat","embeddable":true,"href":"https:\/\/exlibris.ee\/ru\/wp-json\/wp\/v2\/product_cat?post=90173"},{"taxonomy":"product_tag","embeddable":true,"href":"https:\/\/exlibris.ee\/ru\/wp-json\/wp\/v2\/product_tag?post=90173"},{"taxonomy":"series","embeddable":true,"href":"https:\/\/exlibris.ee\/ru\/wp-json\/wp\/v2\/series?post=90173"},{"taxonomy":"publisher","embeddable":true,"href":"https:\/\/exlibris.ee\/ru\/wp-json\/wp\/v2\/publisher?post=90173"}],"curies":[{"name":"wp","href":"https:\/\/api.w.org\/{rel}","templated":true}]}}