{"id":90985,"date":"2023-07-26T00:30:30","date_gmt":"2023-07-25T21:30:30","guid":{"rendered":"https:\/\/exlibris.ee\/toode\/thematischer-basiswortschatz-daf-a1-b1-arab\/"},"modified":"2026-04-18T13:57:22","modified_gmt":"2026-04-18T10:57:22","slug":"thematischer-basiswortschatz-daf-a1-b1-arab","status":"publish","type":"product","link":"https:\/\/exlibris.ee\/ru\/produkt\/thematischer-basiswortschatz-daf-a1-b1-arab\/","title":{"rendered":"Thematischer Basiswortschatz DaF A1-B1+, arab."},"content":{"rendered":"<p>Der Thematische Basiswortschatz Deutsch umfasst mehr als 5.500 W\u00f6rter und Wendungen, die fit machen f\u00fcr Sprachpr\u00fcfungen auf GER-Niveau B1. Enthalten sind 4800 Eintr\u00e4ge auf Niveau B1, sinnvoll erg\u00e4nzt um die 800 wichtigsten Vokabeln des Sprachniveau B2 mit hilfreichen Tipps zu Verwendung und Aussprache. Alltagsnahe Beispiels\u00e4tze vermitteln den typischen Gebrauch des Wortschatzes und verbinden ihn mit Kollokationen und idiomatischen Wendungen. Dabei werden auch \u00f6sterreichische und schweizerische Varianten ber\u00fccksichtigt. Infoboxen geben Hintergrundwissen zu den deutschsprachigen L\u00e4ndern und schaffen praktischen Kontext f\u00fcr den erlernten Wortschatz.<\/p>\n","protected":false},"excerpt":{"rendered":"<p>Der Thematische Basiswortschatz Deutsch umfasst mehr als 5.500 W\u00f6rter und Wendungen, die fit machen f\u00fcr Sprachpr\u00fcfungen auf GER-Niveau B1. Enthalten sind 4800 Eintr\u00e4ge auf Niveau B1, sinnvoll erg\u00e4nzt um die 800 wichtigsten Vokabeln des Sprachniveau B2 mit hilfreichen Tipps zu&#8230;<\/p>\n","protected":false},"featured_media":336734,"template":"","meta":{"_acf_changed":false,"inline_featured_image":false},"product_brand":[],"product_cat":[884],"product_tag":[],"series":[{"id":1489,"name":"Basiswortschatz DaF A1B1","slug":"basiswortschatz-daf-a1b1"}],"publisher":[{"id":473,"name":"Klett Verlag","slug":"klett-verlag"}],"class_list":{"0":"post-90985","1":"product","2":"type-product","3":"status-publish","4":"has-post-thumbnail","6":"product_cat-wortschatz","7":"series-basiswortschatz-daf-a1b1","8":"publisher-klett-verlag","10":"first","11":"onbackorder","12":"taxable","13":"shipping-taxable","14":"purchasable","15":"product-type-simple"},"acf":[],"_links":{"self":[{"href":"https:\/\/exlibris.ee\/ru\/wp-json\/wp\/v2\/product\/90985","targetHints":{"allow":["GET"]}}],"collection":[{"href":"https:\/\/exlibris.ee\/ru\/wp-json\/wp\/v2\/product"}],"about":[{"href":"https:\/\/exlibris.ee\/ru\/wp-json\/wp\/v2\/types\/product"}],"wp:featuredmedia":[{"embeddable":true,"href":"https:\/\/exlibris.ee\/ru\/wp-json\/wp\/v2\/media\/336734"}],"wp:attachment":[{"href":"https:\/\/exlibris.ee\/ru\/wp-json\/wp\/v2\/media?parent=90985"}],"wp:term":[{"taxonomy":"product_brand","embeddable":true,"href":"https:\/\/exlibris.ee\/ru\/wp-json\/wp\/v2\/product_brand?post=90985"},{"taxonomy":"product_cat","embeddable":true,"href":"https:\/\/exlibris.ee\/ru\/wp-json\/wp\/v2\/product_cat?post=90985"},{"taxonomy":"product_tag","embeddable":true,"href":"https:\/\/exlibris.ee\/ru\/wp-json\/wp\/v2\/product_tag?post=90985"},{"taxonomy":"series","embeddable":true,"href":"https:\/\/exlibris.ee\/ru\/wp-json\/wp\/v2\/series?post=90985"},{"taxonomy":"publisher","embeddable":true,"href":"https:\/\/exlibris.ee\/ru\/wp-json\/wp\/v2\/publisher?post=90985"}],"curies":[{"name":"wp","href":"https:\/\/api.w.org\/{rel}","templated":true}]}}