{"id":90987,"date":"2023-07-26T00:30:31","date_gmt":"2023-07-25T21:30:31","guid":{"rendered":"https:\/\/exlibris.ee\/toode\/auf-den-punkt-gebracht\/"},"modified":"2026-04-17T15:23:02","modified_gmt":"2026-04-17T12:23:02","slug":"auf-den-punkt-gebracht","status":"publish","type":"product","link":"https:\/\/exlibris.ee\/ru\/produkt\/auf-den-punkt-gebracht\/","title":{"rendered":"Auf den Punkt gebracht"},"content":{"rendered":"<p>Dieser thematische Wortschatz vermittelt die Grundlagen f\u00fcr die Textanalyse und erleichtert den Einstieg in die eigene Textproduktion. Er eignet sich insbesondere f\u00fcr Studierende, f\u00fcr die Deutsch Fremdsprache ist. Er bietet: Eine lernerfreundliche Darstellung der Vokabeln in typischen S\u00e4tzen, Eine \u00fcbersichtliche Gliederung in kleine thematische Einheiten, Den Wortschatz nach zentralen Kompetenzen geordnet (z.B. Benennung der Autorenintention, Bildbeschreibung, Analysevokabular f\u00fcr literarische Texte, eigene Textproduktion etc.), Ein Register mit allen Stichw\u00f6rtern. Dieser Lernwortschatz ist bereits f\u00fcr die erste Textarbeit geeignet und sowohl f\u00fcr das Selbststudium als auch im Unterricht einsetzbar.<\/p>\n","protected":false},"excerpt":{"rendered":"<p>Dieser thematische Wortschatz vermittelt die Grundlagen f\u00fcr die Textanalyse und erleichtert den Einstieg in die eigene Textproduktion. Er eignet sich insbesondere f\u00fcr Studierende, f\u00fcr die Deutsch Fremdsprache ist. Er bietet: Eine lernerfreundliche Darstellung der Vokabeln in typischen S\u00e4tzen, Eine \u00fcbersichtliche&#8230;<\/p>\n","protected":false},"featured_media":319909,"template":"","meta":{"_acf_changed":false,"inline_featured_image":false},"product_brand":[],"product_cat":[884],"product_tag":[],"series":[],"publisher":[{"id":473,"name":"Klett Verlag","slug":"klett-verlag"}],"class_list":{"0":"post-90987","1":"product","2":"type-product","3":"status-publish","4":"has-post-thumbnail","6":"product_cat-wortschatz","7":"publisher-klett-verlag","9":"first","10":"onbackorder","11":"taxable","12":"shipping-taxable","13":"purchasable","14":"product-type-simple"},"acf":[],"_links":{"self":[{"href":"https:\/\/exlibris.ee\/ru\/wp-json\/wp\/v2\/product\/90987","targetHints":{"allow":["GET"]}}],"collection":[{"href":"https:\/\/exlibris.ee\/ru\/wp-json\/wp\/v2\/product"}],"about":[{"href":"https:\/\/exlibris.ee\/ru\/wp-json\/wp\/v2\/types\/product"}],"wp:featuredmedia":[{"embeddable":true,"href":"https:\/\/exlibris.ee\/ru\/wp-json\/wp\/v2\/media\/319909"}],"wp:attachment":[{"href":"https:\/\/exlibris.ee\/ru\/wp-json\/wp\/v2\/media?parent=90987"}],"wp:term":[{"taxonomy":"product_brand","embeddable":true,"href":"https:\/\/exlibris.ee\/ru\/wp-json\/wp\/v2\/product_brand?post=90987"},{"taxonomy":"product_cat","embeddable":true,"href":"https:\/\/exlibris.ee\/ru\/wp-json\/wp\/v2\/product_cat?post=90987"},{"taxonomy":"product_tag","embeddable":true,"href":"https:\/\/exlibris.ee\/ru\/wp-json\/wp\/v2\/product_tag?post=90987"},{"taxonomy":"series","embeddable":true,"href":"https:\/\/exlibris.ee\/ru\/wp-json\/wp\/v2\/series?post=90987"},{"taxonomy":"publisher","embeddable":true,"href":"https:\/\/exlibris.ee\/ru\/wp-json\/wp\/v2\/publisher?post=90987"}],"curies":[{"name":"wp","href":"https:\/\/api.w.org\/{rel}","templated":true}]}}