{"id":90990,"date":"2023-07-26T00:30:31","date_gmt":"2023-07-25T21:30:31","guid":{"rendered":"https:\/\/exlibris.ee\/toode\/wiener-blut\/"},"modified":"2026-04-12T09:53:48","modified_gmt":"2026-04-12T06:53:48","slug":"wiener-blut","status":"publish","type":"product","link":"https:\/\/exlibris.ee\/ru\/produkt\/wiener-blut\/","title":{"rendered":"Wiener Blut"},"content":{"rendered":"<p>Die Ballettt\u00e4nzerin Eva H\u00e1jkov\u00e1 kommt nach Wien. Sie m\u00f6chte dort die bekannte Ballettschule von Frau Neururer besuchen und hofft dadurch auf eine Rolle in einem Film. Aber jemand m\u00f6chte das mit allen Mitteln verhindern.<\/p>\n","protected":false},"excerpt":{"rendered":"<p>Die Ballettt\u00e4nzerin Eva H\u00e1jkov\u00e1 kommt nach Wien. Sie m\u00f6chte dort die bekannte Ballettschule von Frau Neururer besuchen und hofft dadurch auf eine Rolle in einem Film. Aber jemand m\u00f6chte das mit allen Mitteln verhindern.<\/p>\n","protected":false},"featured_media":217892,"template":"","meta":{"_acf_changed":false,"inline_featured_image":false},"product_brand":[],"product_cat":[851],"product_tag":[],"series":[{"id":852,"name":"Tatort DaF","slug":"tatort-daf"}],"publisher":[{"id":473,"name":"Klett Verlag","slug":"klett-verlag"}],"class_list":{"0":"post-90990","1":"product","2":"type-product","3":"status-publish","4":"has-post-thumbnail","6":"product_cat-lesetexte-deutsch","7":"series-tatort-daf","8":"publisher-klett-verlag","10":"first","11":"onbackorder","12":"taxable","13":"shipping-taxable","14":"purchasable","15":"product-type-simple"},"acf":[],"_links":{"self":[{"href":"https:\/\/exlibris.ee\/ru\/wp-json\/wp\/v2\/product\/90990","targetHints":{"allow":["GET"]}}],"collection":[{"href":"https:\/\/exlibris.ee\/ru\/wp-json\/wp\/v2\/product"}],"about":[{"href":"https:\/\/exlibris.ee\/ru\/wp-json\/wp\/v2\/types\/product"}],"wp:featuredmedia":[{"embeddable":true,"href":"https:\/\/exlibris.ee\/ru\/wp-json\/wp\/v2\/media\/217892"}],"wp:attachment":[{"href":"https:\/\/exlibris.ee\/ru\/wp-json\/wp\/v2\/media?parent=90990"}],"wp:term":[{"taxonomy":"product_brand","embeddable":true,"href":"https:\/\/exlibris.ee\/ru\/wp-json\/wp\/v2\/product_brand?post=90990"},{"taxonomy":"product_cat","embeddable":true,"href":"https:\/\/exlibris.ee\/ru\/wp-json\/wp\/v2\/product_cat?post=90990"},{"taxonomy":"product_tag","embeddable":true,"href":"https:\/\/exlibris.ee\/ru\/wp-json\/wp\/v2\/product_tag?post=90990"},{"taxonomy":"series","embeddable":true,"href":"https:\/\/exlibris.ee\/ru\/wp-json\/wp\/v2\/series?post=90990"},{"taxonomy":"publisher","embeddable":true,"href":"https:\/\/exlibris.ee\/ru\/wp-json\/wp\/v2\/publisher?post=90990"}],"curies":[{"name":"wp","href":"https:\/\/api.w.org\/{rel}","templated":true}]}}