{"id":90994,"date":"2023-07-26T00:30:31","date_gmt":"2023-07-25T21:30:31","guid":{"rendered":"https:\/\/exlibris.ee\/toode\/dramatische-szenen-in-weimar\/"},"modified":"2026-04-12T09:53:48","modified_gmt":"2026-04-12T06:53:48","slug":"dramatische-szenen-in-weimar","status":"publish","type":"product","link":"https:\/\/exlibris.ee\/ru\/produkt\/dramatische-szenen-in-weimar\/","title":{"rendered":"Dramatische Szenen in Weimar"},"content":{"rendered":"<p>Goldene Hochzeit! Tim und seine Familie fahren zu den Gro\u00dfeltern nach Weimar, um mit ihnen zu feiern. Opa hat ein ganz besonderes Geschenk f\u00fcr Oma. Doch abends in der Oper wird es gestohlen! Wer war es? Wird Tim den Dieb aufsp\u00fcren k\u00f6nnen?<\/p>\n","protected":false},"excerpt":{"rendered":"<p>Goldene Hochzeit! Tim und seine Familie fahren zu den Gro\u00dfeltern nach Weimar, um mit ihnen zu feiern. Opa hat ein ganz besonderes Geschenk f\u00fcr Oma. Doch abends in der Oper wird es gestohlen! Wer war es? Wird Tim den Dieb&#8230;<\/p>\n","protected":false},"featured_media":217898,"template":"","meta":{"_acf_changed":false,"inline_featured_image":false},"product_brand":[],"product_cat":[851],"product_tag":[],"series":[{"id":853,"name":"Stadt, Land, Fluss\u2026","slug":"stadt-land-fluss"}],"publisher":[{"id":473,"name":"Klett Verlag","slug":"klett-verlag"}],"class_list":{"0":"post-90994","1":"product","2":"type-product","3":"status-publish","4":"has-post-thumbnail","6":"product_cat-lesetexte-deutsch","7":"series-stadt-land-fluss","8":"publisher-klett-verlag","10":"first","11":"onbackorder","12":"taxable","13":"shipping-taxable","14":"purchasable","15":"product-type-simple"},"acf":[],"_links":{"self":[{"href":"https:\/\/exlibris.ee\/ru\/wp-json\/wp\/v2\/product\/90994","targetHints":{"allow":["GET"]}}],"collection":[{"href":"https:\/\/exlibris.ee\/ru\/wp-json\/wp\/v2\/product"}],"about":[{"href":"https:\/\/exlibris.ee\/ru\/wp-json\/wp\/v2\/types\/product"}],"wp:featuredmedia":[{"embeddable":true,"href":"https:\/\/exlibris.ee\/ru\/wp-json\/wp\/v2\/media\/217898"}],"wp:attachment":[{"href":"https:\/\/exlibris.ee\/ru\/wp-json\/wp\/v2\/media?parent=90994"}],"wp:term":[{"taxonomy":"product_brand","embeddable":true,"href":"https:\/\/exlibris.ee\/ru\/wp-json\/wp\/v2\/product_brand?post=90994"},{"taxonomy":"product_cat","embeddable":true,"href":"https:\/\/exlibris.ee\/ru\/wp-json\/wp\/v2\/product_cat?post=90994"},{"taxonomy":"product_tag","embeddable":true,"href":"https:\/\/exlibris.ee\/ru\/wp-json\/wp\/v2\/product_tag?post=90994"},{"taxonomy":"series","embeddable":true,"href":"https:\/\/exlibris.ee\/ru\/wp-json\/wp\/v2\/series?post=90994"},{"taxonomy":"publisher","embeddable":true,"href":"https:\/\/exlibris.ee\/ru\/wp-json\/wp\/v2\/publisher?post=90994"}],"curies":[{"name":"wp","href":"https:\/\/api.w.org\/{rel}","templated":true}]}}