{"id":90996,"date":"2023-07-26T00:30:32","date_gmt":"2023-07-25T21:30:32","guid":{"rendered":"https:\/\/exlibris.ee\/toode\/ein-basketballstar-am-main\/"},"modified":"2026-04-12T09:53:49","modified_gmt":"2026-04-12T06:53:49","slug":"ein-basketballstar-am-main","status":"publish","type":"product","link":"https:\/\/exlibris.ee\/ru\/produkt\/ein-basketballstar-am-main\/","title":{"rendered":"Ein Basketballstar am Main"},"content":{"rendered":"<p>Tim f\u00e4hrt zu einem Basketballcamp nach W\u00fcrzburg. Aber bevor es richtig losgehen kann, verletzt er sich beim Training. Zum Gl\u00fcck kann Tim in W\u00fcrzburg nicht nur Basketball spielen. Zusammen mit der ebenfalls verletzten Marie erkundet er das Naturschutzgebiet im Frankenland. Dort machen die beiden eine unglaubliche Entdeckung \u2026 Eine spannende Geschichte aus Bayern. Mit Infos zur Region und visuellen Hilfestellungen f\u00fcr neuen Wortschatz. Unterhaltsames Quiz. Kostenloser H\u00f6rtext online (Zugangscode im Buch).<\/p>\n","protected":false},"excerpt":{"rendered":"<p>Tim f\u00e4hrt zu einem Basketballcamp nach W\u00fcrzburg. Aber bevor es richtig losgehen kann, verletzt er sich beim Training. Zum Gl\u00fcck kann Tim in W\u00fcrzburg nicht nur Basketball spielen. Zusammen mit der ebenfalls verletzten Marie erkundet er das Naturschutzgebiet im Frankenland&#8230;.<\/p>\n","protected":false},"featured_media":217905,"template":"","meta":{"_acf_changed":false,"inline_featured_image":false},"product_brand":[],"product_cat":[851],"product_tag":[],"series":[{"id":853,"name":"Stadt, Land, Fluss\u2026","slug":"stadt-land-fluss"}],"publisher":[{"id":473,"name":"Klett Verlag","slug":"klett-verlag"}],"class_list":{"0":"post-90996","1":"product","2":"type-product","3":"status-publish","4":"has-post-thumbnail","6":"product_cat-lesetexte-deutsch","7":"series-stadt-land-fluss","8":"publisher-klett-verlag","10":"first","11":"onbackorder","12":"taxable","13":"shipping-taxable","14":"purchasable","15":"product-type-simple"},"acf":[],"_links":{"self":[{"href":"https:\/\/exlibris.ee\/ru\/wp-json\/wp\/v2\/product\/90996","targetHints":{"allow":["GET"]}}],"collection":[{"href":"https:\/\/exlibris.ee\/ru\/wp-json\/wp\/v2\/product"}],"about":[{"href":"https:\/\/exlibris.ee\/ru\/wp-json\/wp\/v2\/types\/product"}],"wp:featuredmedia":[{"embeddable":true,"href":"https:\/\/exlibris.ee\/ru\/wp-json\/wp\/v2\/media\/217905"}],"wp:attachment":[{"href":"https:\/\/exlibris.ee\/ru\/wp-json\/wp\/v2\/media?parent=90996"}],"wp:term":[{"taxonomy":"product_brand","embeddable":true,"href":"https:\/\/exlibris.ee\/ru\/wp-json\/wp\/v2\/product_brand?post=90996"},{"taxonomy":"product_cat","embeddable":true,"href":"https:\/\/exlibris.ee\/ru\/wp-json\/wp\/v2\/product_cat?post=90996"},{"taxonomy":"product_tag","embeddable":true,"href":"https:\/\/exlibris.ee\/ru\/wp-json\/wp\/v2\/product_tag?post=90996"},{"taxonomy":"series","embeddable":true,"href":"https:\/\/exlibris.ee\/ru\/wp-json\/wp\/v2\/series?post=90996"},{"taxonomy":"publisher","embeddable":true,"href":"https:\/\/exlibris.ee\/ru\/wp-json\/wp\/v2\/publisher?post=90996"}],"curies":[{"name":"wp","href":"https:\/\/api.w.org\/{rel}","templated":true}]}}