{"id":90997,"date":"2023-07-26T00:30:32","date_gmt":"2023-07-25T21:30:32","guid":{"rendered":"https:\/\/exlibris.ee\/toode\/aufregung-an-der-nordsee\/"},"modified":"2026-04-12T09:53:49","modified_gmt":"2026-04-12T06:53:49","slug":"aufregung-an-der-nordsee","status":"publish","type":"product","link":"https:\/\/exlibris.ee\/ru\/produkt\/aufregung-an-der-nordsee\/","title":{"rendered":"Aufregung an der Nordsee"},"content":{"rendered":"<p>Nach dem Abitur verbringt Paula zusammen mit ihrer Tante eine Woche auf der Nordseeinsel Norderney. Aber gibt es auf Norderney \u00fcberhaupt andere Jugendliche oder sind dort nur \u00e4ltere Leute, wie ihre Tante Gerda? Beim Stand-Up-Paddling sieht Paula dann zuf\u00e4llig, dass ein Jeep mitten im Watt steht. Als die Flut kommt, wird er aus dem Watt herausgezogen. Doch vom Fahrer keine Spur. So wird der Aufenthalt an der Nordsee doch spannender als gedacht.<\/p>\n","protected":false},"excerpt":{"rendered":"<p>Nach dem Abitur verbringt Paula zusammen mit ihrer Tante eine Woche auf der Nordseeinsel Norderney. Aber gibt es auf Norderney \u00fcberhaupt andere Jugendliche oder sind dort nur \u00e4ltere Leute, wie ihre Tante Gerda? Beim Stand-Up-Paddling sieht Paula dann zuf\u00e4llig, dass&#8230;<\/p>\n","protected":false},"featured_media":217906,"template":"","meta":{"_acf_changed":false,"inline_featured_image":false},"product_brand":[],"product_cat":[851],"product_tag":[],"series":[{"id":853,"name":"Stadt, Land, Fluss\u2026","slug":"stadt-land-fluss"}],"publisher":[{"id":473,"name":"Klett Verlag","slug":"klett-verlag"}],"class_list":{"0":"post-90997","1":"product","2":"type-product","3":"status-publish","4":"has-post-thumbnail","6":"product_cat-lesetexte-deutsch","7":"series-stadt-land-fluss","8":"publisher-klett-verlag","10":"first","11":"onbackorder","12":"taxable","13":"shipping-taxable","14":"purchasable","15":"product-type-simple"},"acf":[],"_links":{"self":[{"href":"https:\/\/exlibris.ee\/ru\/wp-json\/wp\/v2\/product\/90997","targetHints":{"allow":["GET"]}}],"collection":[{"href":"https:\/\/exlibris.ee\/ru\/wp-json\/wp\/v2\/product"}],"about":[{"href":"https:\/\/exlibris.ee\/ru\/wp-json\/wp\/v2\/types\/product"}],"wp:featuredmedia":[{"embeddable":true,"href":"https:\/\/exlibris.ee\/ru\/wp-json\/wp\/v2\/media\/217906"}],"wp:attachment":[{"href":"https:\/\/exlibris.ee\/ru\/wp-json\/wp\/v2\/media?parent=90997"}],"wp:term":[{"taxonomy":"product_brand","embeddable":true,"href":"https:\/\/exlibris.ee\/ru\/wp-json\/wp\/v2\/product_brand?post=90997"},{"taxonomy":"product_cat","embeddable":true,"href":"https:\/\/exlibris.ee\/ru\/wp-json\/wp\/v2\/product_cat?post=90997"},{"taxonomy":"product_tag","embeddable":true,"href":"https:\/\/exlibris.ee\/ru\/wp-json\/wp\/v2\/product_tag?post=90997"},{"taxonomy":"series","embeddable":true,"href":"https:\/\/exlibris.ee\/ru\/wp-json\/wp\/v2\/series?post=90997"},{"taxonomy":"publisher","embeddable":true,"href":"https:\/\/exlibris.ee\/ru\/wp-json\/wp\/v2\/publisher?post=90997"}],"curies":[{"name":"wp","href":"https:\/\/api.w.org\/{rel}","templated":true}]}}