{"id":90998,"date":"2023-07-26T00:30:32","date_gmt":"2023-07-25T21:30:32","guid":{"rendered":"https:\/\/exlibris.ee\/toode\/worter-zur-wahl\/"},"modified":"2026-04-28T16:08:24","modified_gmt":"2026-04-28T13:08:24","slug":"worter-zur-wahl","status":"publish","type":"product","link":"https:\/\/exlibris.ee\/ru\/produkt\/worter-zur-wahl\/","title":{"rendered":"W\u00f6rter zur Wahl"},"content":{"rendered":"<p>F\u00fcr Mittel- und Oberstufe, auch geeignet zum Selbststudium. In vielen abwechslungsreichen \u00dcbungen wird die treffende Wortwahl gelernt und gefestigt. \u00dcbungen mit unterschiedlichen Schwierigkeitsstufen wechseln einander ab. Ausf\u00fchrliche L\u00f6sungen im Anhang dienen der Selbstkontrolle.<\/p>\n","protected":false},"excerpt":{"rendered":"<p>F\u00fcr Mittel- und Oberstufe, auch geeignet zum Selbststudium. In vielen abwechslungsreichen \u00dcbungen wird die treffende Wortwahl gelernt und gefestigt. \u00dcbungen mit unterschiedlichen Schwierigkeitsstufen wechseln einander ab. Ausf\u00fchrliche L\u00f6sungen im Anhang dienen der Selbstkontrolle.<\/p>\n","protected":false},"featured_media":539332,"template":"","meta":{"_acf_changed":false,"inline_featured_image":false},"product_brand":[],"product_cat":[884],"product_tag":[],"series":[],"publisher":[{"id":473,"name":"Klett Verlag","slug":"klett-verlag"}],"class_list":{"0":"post-90998","1":"product","2":"type-product","3":"status-publish","4":"has-post-thumbnail","6":"product_cat-wortschatz","7":"publisher-klett-verlag","9":"first","10":"onbackorder","11":"taxable","12":"shipping-taxable","13":"purchasable","14":"product-type-simple"},"acf":[],"_links":{"self":[{"href":"https:\/\/exlibris.ee\/ru\/wp-json\/wp\/v2\/product\/90998","targetHints":{"allow":["GET"]}}],"collection":[{"href":"https:\/\/exlibris.ee\/ru\/wp-json\/wp\/v2\/product"}],"about":[{"href":"https:\/\/exlibris.ee\/ru\/wp-json\/wp\/v2\/types\/product"}],"wp:featuredmedia":[{"embeddable":true,"href":"https:\/\/exlibris.ee\/ru\/wp-json\/wp\/v2\/media\/539332"}],"wp:attachment":[{"href":"https:\/\/exlibris.ee\/ru\/wp-json\/wp\/v2\/media?parent=90998"}],"wp:term":[{"taxonomy":"product_brand","embeddable":true,"href":"https:\/\/exlibris.ee\/ru\/wp-json\/wp\/v2\/product_brand?post=90998"},{"taxonomy":"product_cat","embeddable":true,"href":"https:\/\/exlibris.ee\/ru\/wp-json\/wp\/v2\/product_cat?post=90998"},{"taxonomy":"product_tag","embeddable":true,"href":"https:\/\/exlibris.ee\/ru\/wp-json\/wp\/v2\/product_tag?post=90998"},{"taxonomy":"series","embeddable":true,"href":"https:\/\/exlibris.ee\/ru\/wp-json\/wp\/v2\/series?post=90998"},{"taxonomy":"publisher","embeddable":true,"href":"https:\/\/exlibris.ee\/ru\/wp-json\/wp\/v2\/publisher?post=90998"}],"curies":[{"name":"wp","href":"https:\/\/api.w.org\/{rel}","templated":true}]}}