{"id":90999,"date":"2023-07-26T00:30:32","date_gmt":"2023-07-25T21:30:32","guid":{"rendered":"https:\/\/exlibris.ee\/toode\/das-a-und-o-deutsche-redewendungen\/"},"modified":"2026-04-17T15:23:03","modified_gmt":"2026-04-17T12:23:03","slug":"das-a-und-o-deutsche-redewendungen","status":"publish","type":"product","link":"https:\/\/exlibris.ee\/ru\/produkt\/das-a-und-o-deutsche-redewendungen\/","title":{"rendered":"Das A und O Deutsche Redewendungen"},"content":{"rendered":"<p>500 typische deutsche Redewendungen der deutschen Alltagssprache werden thematisch neun Kapiteln zugeordnet. Das erm\u00f6glicht den Lernern, die jeweilige Redewendung passend zum Kontext einzusetzen. Die Kapitel sind nach dem Doppelseitenprinzip aufgebaut: Auf der linken Seite stehen die Redewendungen mit Erkl\u00e4rungen und Kontextbeispielen, auf der rechten Seite werden genau dazu passende und motivierende \u00dcbungen angeboten. Originelle Zeichnungen verdeutlichen die Redewendungen. Im Anhang finden sich zus\u00e4tzliche \u00dcbungen und die L\u00f6sungen aller Aufgaben zur Selbstkontrolle. Ein alphabetisches Verzeichnis am Ende mit Verweisen auf die passenden Themen bietet eine optimale Vernetzung.<\/p>\n","protected":false},"excerpt":{"rendered":"<p>500 typische deutsche Redewendungen der deutschen Alltagssprache werden thematisch neun Kapiteln zugeordnet. Das erm\u00f6glicht den Lernern, die jeweilige Redewendung passend zum Kontext einzusetzen. Die Kapitel sind nach dem Doppelseitenprinzip aufgebaut: Auf der linken Seite stehen die Redewendungen mit Erkl\u00e4rungen und&#8230;<\/p>\n","protected":false},"featured_media":319945,"template":"","meta":{"_acf_changed":false,"inline_featured_image":false},"product_brand":[],"product_cat":[884],"product_tag":[],"series":[],"publisher":[{"id":473,"name":"Klett Verlag","slug":"klett-verlag"}],"class_list":{"0":"post-90999","1":"product","2":"type-product","3":"status-publish","4":"has-post-thumbnail","6":"product_cat-wortschatz","7":"publisher-klett-verlag","9":"first","10":"onbackorder","11":"taxable","12":"shipping-taxable","13":"purchasable","14":"product-type-simple"},"acf":[],"_links":{"self":[{"href":"https:\/\/exlibris.ee\/ru\/wp-json\/wp\/v2\/product\/90999","targetHints":{"allow":["GET"]}}],"collection":[{"href":"https:\/\/exlibris.ee\/ru\/wp-json\/wp\/v2\/product"}],"about":[{"href":"https:\/\/exlibris.ee\/ru\/wp-json\/wp\/v2\/types\/product"}],"wp:featuredmedia":[{"embeddable":true,"href":"https:\/\/exlibris.ee\/ru\/wp-json\/wp\/v2\/media\/319945"}],"wp:attachment":[{"href":"https:\/\/exlibris.ee\/ru\/wp-json\/wp\/v2\/media?parent=90999"}],"wp:term":[{"taxonomy":"product_brand","embeddable":true,"href":"https:\/\/exlibris.ee\/ru\/wp-json\/wp\/v2\/product_brand?post=90999"},{"taxonomy":"product_cat","embeddable":true,"href":"https:\/\/exlibris.ee\/ru\/wp-json\/wp\/v2\/product_cat?post=90999"},{"taxonomy":"product_tag","embeddable":true,"href":"https:\/\/exlibris.ee\/ru\/wp-json\/wp\/v2\/product_tag?post=90999"},{"taxonomy":"series","embeddable":true,"href":"https:\/\/exlibris.ee\/ru\/wp-json\/wp\/v2\/series?post=90999"},{"taxonomy":"publisher","embeddable":true,"href":"https:\/\/exlibris.ee\/ru\/wp-json\/wp\/v2\/publisher?post=90999"}],"curies":[{"name":"wp","href":"https:\/\/api.w.org\/{rel}","templated":true}]}}