{"id":91001,"date":"2023-07-26T00:30:32","date_gmt":"2023-07-25T21:30:32","guid":{"rendered":"https:\/\/exlibris.ee\/toode\/einmal-freunde-buch-online\/"},"modified":"2026-04-04T03:09:29","modified_gmt":"2026-04-04T00:09:29","slug":"einmal-freunde-buch-online","status":"publish","type":"product","link":"https:\/\/exlibris.ee\/ru\/produkt\/einmal-freunde-buch-online\/","title":{"rendered":"Einmal Freunde, Buch + online"},"content":{"rendered":"<p>Im M\u00e4rz steht in Pias Klasse eine Klassenfahrt an. Aber wohin soll die Reise \u00fcberhaupt gehen? Und dann zerstreiten sich auch noch ihre Freunde. Das kann nur \u00c4rger geben &#8230; Kurzweilige Geschichten mit den Freunden Pia, Paul, Kolja, Robbie und Nadja, Zum Lesen und H\u00f6ren mit H\u00f6rspielszenen, Lustige Zeichnungen f\u00f6rdern das Leseverstehen, Mit \u00dcbungen zum Lese- und H\u00f6rverstehen f\u00fcr jedes Kapitel, Mit jugendgerechten Informationen \u00fcber die deutschsprachigen L\u00e4nder.<\/p>\n","protected":false},"excerpt":{"rendered":"<p>Im M\u00e4rz steht in Pias Klasse eine Klassenfahrt an. Aber wohin soll die Reise \u00fcberhaupt gehen? Und dann zerstreiten sich auch noch ihre Freunde. Das kann nur \u00c4rger geben &#8230; Kurzweilige Geschichten mit den Freunden Pia, Paul, Kolja, Robbie und&#8230;<\/p>\n","protected":false},"featured_media":90963,"template":"","meta":{"_acf_changed":false,"inline_featured_image":false},"product_brand":[],"product_cat":[851],"product_tag":[],"series":[{"id":857,"name":"leicht &amp; logisch","slug":"leicht-logisch"}],"publisher":[{"id":473,"name":"Klett Verlag","slug":"klett-verlag"}],"class_list":{"0":"post-91001","1":"product","2":"type-product","3":"status-publish","4":"has-post-thumbnail","6":"product_cat-lesetexte-deutsch","7":"series-leicht-logisch","8":"publisher-klett-verlag","10":"first","11":"onbackorder","12":"taxable","13":"shipping-taxable","14":"purchasable","15":"product-type-simple"},"acf":[],"_links":{"self":[{"href":"https:\/\/exlibris.ee\/ru\/wp-json\/wp\/v2\/product\/91001","targetHints":{"allow":["GET"]}}],"collection":[{"href":"https:\/\/exlibris.ee\/ru\/wp-json\/wp\/v2\/product"}],"about":[{"href":"https:\/\/exlibris.ee\/ru\/wp-json\/wp\/v2\/types\/product"}],"wp:featuredmedia":[{"embeddable":true,"href":"https:\/\/exlibris.ee\/ru\/wp-json\/wp\/v2\/media\/90963"}],"wp:attachment":[{"href":"https:\/\/exlibris.ee\/ru\/wp-json\/wp\/v2\/media?parent=91001"}],"wp:term":[{"taxonomy":"product_brand","embeddable":true,"href":"https:\/\/exlibris.ee\/ru\/wp-json\/wp\/v2\/product_brand?post=91001"},{"taxonomy":"product_cat","embeddable":true,"href":"https:\/\/exlibris.ee\/ru\/wp-json\/wp\/v2\/product_cat?post=91001"},{"taxonomy":"product_tag","embeddable":true,"href":"https:\/\/exlibris.ee\/ru\/wp-json\/wp\/v2\/product_tag?post=91001"},{"taxonomy":"series","embeddable":true,"href":"https:\/\/exlibris.ee\/ru\/wp-json\/wp\/v2\/series?post=91001"},{"taxonomy":"publisher","embeddable":true,"href":"https:\/\/exlibris.ee\/ru\/wp-json\/wp\/v2\/publisher?post=91001"}],"curies":[{"name":"wp","href":"https:\/\/api.w.org\/{rel}","templated":true}]}}