{"id":91002,"date":"2023-07-26T00:30:32","date_gmt":"2023-07-25T21:30:32","guid":{"rendered":"https:\/\/exlibris.ee\/toode\/drei-ist-einer-zu-viel-buch-online\/"},"modified":"2026-04-04T03:09:29","modified_gmt":"2026-04-04T00:09:29","slug":"drei-ist-einer-zu-viel-buch-online","status":"publish","type":"product","link":"https:\/\/exlibris.ee\/ru\/produkt\/drei-ist-einer-zu-viel-buch-online\/","title":{"rendered":"Drei ist einer zu viel, Buch + online"},"content":{"rendered":"<p>Nadja und Pia sind schon immer beste Freundinnen, doch dann lernt Nadja Robbie, einen coolen S\u00e4nger und Gitarristen, kennen und hat pl\u00f6tzlich keine Zeit mehr f\u00fcr Pia. Noch dazu kann Pia Robbie \u00fcberhaupt nicht leiden. H\u00e4lt das ihre Freundschaft aus?<\/p>\n","protected":false},"excerpt":{"rendered":"<p>Nadja und Pia sind schon immer beste Freundinnen, doch dann lernt Nadja Robbie, einen coolen S\u00e4nger und Gitarristen, kennen und hat pl\u00f6tzlich keine Zeit mehr f\u00fcr Pia. Noch dazu kann Pia Robbie \u00fcberhaupt nicht leiden. H\u00e4lt das ihre Freundschaft aus?<\/p>\n","protected":false},"featured_media":90969,"template":"","meta":{"_acf_changed":false,"inline_featured_image":false},"product_brand":[],"product_cat":[851],"product_tag":[],"series":[{"id":857,"name":"leicht &amp; logisch","slug":"leicht-logisch"}],"publisher":[{"id":473,"name":"Klett Verlag","slug":"klett-verlag"}],"class_list":{"0":"post-91002","1":"product","2":"type-product","3":"status-publish","4":"has-post-thumbnail","6":"product_cat-lesetexte-deutsch","7":"series-leicht-logisch","8":"publisher-klett-verlag","10":"first","11":"onbackorder","12":"taxable","13":"shipping-taxable","14":"purchasable","15":"product-type-simple"},"acf":[],"_links":{"self":[{"href":"https:\/\/exlibris.ee\/ru\/wp-json\/wp\/v2\/product\/91002","targetHints":{"allow":["GET"]}}],"collection":[{"href":"https:\/\/exlibris.ee\/ru\/wp-json\/wp\/v2\/product"}],"about":[{"href":"https:\/\/exlibris.ee\/ru\/wp-json\/wp\/v2\/types\/product"}],"wp:featuredmedia":[{"embeddable":true,"href":"https:\/\/exlibris.ee\/ru\/wp-json\/wp\/v2\/media\/90969"}],"wp:attachment":[{"href":"https:\/\/exlibris.ee\/ru\/wp-json\/wp\/v2\/media?parent=91002"}],"wp:term":[{"taxonomy":"product_brand","embeddable":true,"href":"https:\/\/exlibris.ee\/ru\/wp-json\/wp\/v2\/product_brand?post=91002"},{"taxonomy":"product_cat","embeddable":true,"href":"https:\/\/exlibris.ee\/ru\/wp-json\/wp\/v2\/product_cat?post=91002"},{"taxonomy":"product_tag","embeddable":true,"href":"https:\/\/exlibris.ee\/ru\/wp-json\/wp\/v2\/product_tag?post=91002"},{"taxonomy":"series","embeddable":true,"href":"https:\/\/exlibris.ee\/ru\/wp-json\/wp\/v2\/series?post=91002"},{"taxonomy":"publisher","embeddable":true,"href":"https:\/\/exlibris.ee\/ru\/wp-json\/wp\/v2\/publisher?post=91002"}],"curies":[{"name":"wp","href":"https:\/\/api.w.org\/{rel}","templated":true}]}}