{"id":91004,"date":"2023-07-26T00:30:32","date_gmt":"2023-07-25T21:30:32","guid":{"rendered":"https:\/\/exlibris.ee\/toode\/kolja-und-die-liebe-buch-cd\/"},"modified":"2026-04-04T03:09:29","modified_gmt":"2026-04-04T00:09:29","slug":"kolja-und-die-liebe-buch-cd","status":"publish","type":"product","link":"https:\/\/exlibris.ee\/ru\/produkt\/kolja-und-die-liebe-buch-cd\/","title":{"rendered":"Kolja und die Liebe, Buch + CD"},"content":{"rendered":"<p>Keiko ist noch nicht lange in der Klasse. Kolja findet sie richtig nett, aber das w\u00fcrde er nat\u00fcrlich nie laut sagen. Au\u00dferdem hat er gegen die anderen Jungen sowieso keine Chance und bald muss Keiko zur\u00fcck nach Japan. Kann Kolja sie f\u00fcr sich gewinnen?<\/p>\n","protected":false},"excerpt":{"rendered":"<p>Keiko ist noch nicht lange in der Klasse. Kolja findet sie richtig nett, aber das w\u00fcrde er nat\u00fcrlich nie laut sagen. Au\u00dferdem hat er gegen die anderen Jungen sowieso keine Chance und bald muss Keiko zur\u00fcck nach Japan. Kann Kolja&#8230;<\/p>\n","protected":false},"featured_media":90978,"template":"","meta":{"_acf_changed":false,"inline_featured_image":false},"product_brand":[],"product_cat":[851],"product_tag":[],"series":[{"id":857,"name":"leicht &amp; logisch","slug":"leicht-logisch"}],"publisher":[{"id":473,"name":"Klett Verlag","slug":"klett-verlag"}],"class_list":{"0":"post-91004","1":"product","2":"type-product","3":"status-publish","4":"has-post-thumbnail","6":"product_cat-lesetexte-deutsch","7":"series-leicht-logisch","8":"publisher-klett-verlag","10":"first","11":"onbackorder","12":"taxable","13":"shipping-taxable","14":"purchasable","15":"product-type-simple"},"acf":[],"_links":{"self":[{"href":"https:\/\/exlibris.ee\/ru\/wp-json\/wp\/v2\/product\/91004","targetHints":{"allow":["GET"]}}],"collection":[{"href":"https:\/\/exlibris.ee\/ru\/wp-json\/wp\/v2\/product"}],"about":[{"href":"https:\/\/exlibris.ee\/ru\/wp-json\/wp\/v2\/types\/product"}],"wp:featuredmedia":[{"embeddable":true,"href":"https:\/\/exlibris.ee\/ru\/wp-json\/wp\/v2\/media\/90978"}],"wp:attachment":[{"href":"https:\/\/exlibris.ee\/ru\/wp-json\/wp\/v2\/media?parent=91004"}],"wp:term":[{"taxonomy":"product_brand","embeddable":true,"href":"https:\/\/exlibris.ee\/ru\/wp-json\/wp\/v2\/product_brand?post=91004"},{"taxonomy":"product_cat","embeddable":true,"href":"https:\/\/exlibris.ee\/ru\/wp-json\/wp\/v2\/product_cat?post=91004"},{"taxonomy":"product_tag","embeddable":true,"href":"https:\/\/exlibris.ee\/ru\/wp-json\/wp\/v2\/product_tag?post=91004"},{"taxonomy":"series","embeddable":true,"href":"https:\/\/exlibris.ee\/ru\/wp-json\/wp\/v2\/series?post=91004"},{"taxonomy":"publisher","embeddable":true,"href":"https:\/\/exlibris.ee\/ru\/wp-json\/wp\/v2\/publisher?post=91004"}],"curies":[{"name":"wp","href":"https:\/\/api.w.org\/{rel}","templated":true}]}}