{"id":91173,"date":"2023-07-26T00:31:56","date_gmt":"2023-07-25T21:31:56","guid":{"rendered":"https:\/\/exlibris.ee\/toode\/idiomatische-redewendungen-von-a-z\/"},"modified":"2026-04-16T16:06:02","modified_gmt":"2026-04-16T13:06:02","slug":"idiomatische-redewendungen-von-a-z","status":"publish","type":"product","link":"https:\/\/exlibris.ee\/ru\/produkt\/idiomatische-redewendungen-von-a-z\/","title":{"rendered":"Idiomatische Redewendungen von A &#8212; Z"},"content":{"rendered":"<p>600 idiomatische Redewendungen aus der Alltagssprache mit Anwendungsbeispielen und Erl\u00e4uterungen. Der \u00dcbungsteil ber\u00fccksichtigt unterschiedliche Schwierigkeitsgrade. Durch den L\u00f6sungsschl\u00fcssel eignet sich der Band auch f\u00fcr das Selbststudium.<\/p>\n","protected":false},"excerpt":{"rendered":"<p>600 idiomatische Redewendungen aus der Alltagssprache mit Anwendungsbeispielen und Erl\u00e4uterungen. Der \u00dcbungsteil ber\u00fccksichtigt unterschiedliche Schwierigkeitsgrade. Durch den L\u00f6sungsschl\u00fcssel eignet sich der Band auch f\u00fcr das Selbststudium.<\/p>\n","protected":false},"featured_media":302701,"template":"","meta":{"_acf_changed":false,"inline_featured_image":false},"product_brand":[],"product_cat":[884],"product_tag":[],"series":[],"publisher":[{"id":473,"name":"Klett Verlag","slug":"klett-verlag"}],"class_list":{"0":"post-91173","1":"product","2":"type-product","3":"status-publish","4":"has-post-thumbnail","6":"product_cat-wortschatz","7":"publisher-klett-verlag","9":"first","10":"onbackorder","11":"taxable","12":"shipping-taxable","13":"purchasable","14":"product-type-simple"},"acf":[],"_links":{"self":[{"href":"https:\/\/exlibris.ee\/ru\/wp-json\/wp\/v2\/product\/91173","targetHints":{"allow":["GET"]}}],"collection":[{"href":"https:\/\/exlibris.ee\/ru\/wp-json\/wp\/v2\/product"}],"about":[{"href":"https:\/\/exlibris.ee\/ru\/wp-json\/wp\/v2\/types\/product"}],"wp:featuredmedia":[{"embeddable":true,"href":"https:\/\/exlibris.ee\/ru\/wp-json\/wp\/v2\/media\/302701"}],"wp:attachment":[{"href":"https:\/\/exlibris.ee\/ru\/wp-json\/wp\/v2\/media?parent=91173"}],"wp:term":[{"taxonomy":"product_brand","embeddable":true,"href":"https:\/\/exlibris.ee\/ru\/wp-json\/wp\/v2\/product_brand?post=91173"},{"taxonomy":"product_cat","embeddable":true,"href":"https:\/\/exlibris.ee\/ru\/wp-json\/wp\/v2\/product_cat?post=91173"},{"taxonomy":"product_tag","embeddable":true,"href":"https:\/\/exlibris.ee\/ru\/wp-json\/wp\/v2\/product_tag?post=91173"},{"taxonomy":"series","embeddable":true,"href":"https:\/\/exlibris.ee\/ru\/wp-json\/wp\/v2\/series?post=91173"},{"taxonomy":"publisher","embeddable":true,"href":"https:\/\/exlibris.ee\/ru\/wp-json\/wp\/v2\/publisher?post=91173"}],"curies":[{"name":"wp","href":"https:\/\/api.w.org\/{rel}","templated":true}]}}