{"id":91182,"date":"2023-07-26T00:31:57","date_gmt":"2023-07-25T21:31:57","guid":{"rendered":"https:\/\/exlibris.ee\/toode\/grose-gefuhle-stufe-2-buch-cd\/"},"modified":"2026-04-25T17:19:37","modified_gmt":"2026-04-25T14:19:37","slug":"grose-gefuhle-stufe-2-buch-cd","status":"publish","type":"product","link":"https:\/\/exlibris.ee\/ru\/produkt\/grose-gefuhle-stufe-2-buch-cd\/","title":{"rendered":"Gro\u00dfe Gef\u00fchle (Stufe 2), Buch + CD"},"content":{"rendered":"<p>Frau Neumann erliegt auf der Reise nach Berlin dem Charme eines Fremdenf\u00fchrers und Oma Trude wundert sich sehr. Zu Hause verhindert Leo in letzter Minute, dass sich wegen des Fu\u00dfballl\u00e4nderspiels Deutschland gegen Spanien die Gem\u00fcter zu stark erhitzen.<\/p>\n","protected":false},"excerpt":{"rendered":"<p>Frau Neumann erliegt auf der Reise nach Berlin dem Charme eines Fremdenf\u00fchrers und Oma Trude wundert sich sehr. Zu Hause verhindert Leo in letzter Minute, dass sich wegen des Fu\u00dfballl\u00e4nderspiels Deutschland gegen Spanien die Gem\u00fcter zu stark erhitzen.<\/p>\n","protected":false},"featured_media":472701,"template":"","meta":{"_acf_changed":false,"inline_featured_image":false},"product_brand":[],"product_cat":[851],"product_tag":[],"series":[{"id":1491,"name":"Leo &amp; Co.","slug":"leo-co"}],"publisher":[{"id":473,"name":"Klett Verlag","slug":"klett-verlag"}],"class_list":{"0":"post-91182","1":"product","2":"type-product","3":"status-publish","4":"has-post-thumbnail","6":"product_cat-lesetexte-deutsch","7":"series-leo-co","8":"publisher-klett-verlag","10":"first","11":"onbackorder","12":"taxable","13":"shipping-taxable","14":"purchasable","15":"product-type-simple"},"acf":[],"_links":{"self":[{"href":"https:\/\/exlibris.ee\/ru\/wp-json\/wp\/v2\/product\/91182","targetHints":{"allow":["GET"]}}],"collection":[{"href":"https:\/\/exlibris.ee\/ru\/wp-json\/wp\/v2\/product"}],"about":[{"href":"https:\/\/exlibris.ee\/ru\/wp-json\/wp\/v2\/types\/product"}],"wp:featuredmedia":[{"embeddable":true,"href":"https:\/\/exlibris.ee\/ru\/wp-json\/wp\/v2\/media\/472701"}],"wp:attachment":[{"href":"https:\/\/exlibris.ee\/ru\/wp-json\/wp\/v2\/media?parent=91182"}],"wp:term":[{"taxonomy":"product_brand","embeddable":true,"href":"https:\/\/exlibris.ee\/ru\/wp-json\/wp\/v2\/product_brand?post=91182"},{"taxonomy":"product_cat","embeddable":true,"href":"https:\/\/exlibris.ee\/ru\/wp-json\/wp\/v2\/product_cat?post=91182"},{"taxonomy":"product_tag","embeddable":true,"href":"https:\/\/exlibris.ee\/ru\/wp-json\/wp\/v2\/product_tag?post=91182"},{"taxonomy":"series","embeddable":true,"href":"https:\/\/exlibris.ee\/ru\/wp-json\/wp\/v2\/series?post=91182"},{"taxonomy":"publisher","embeddable":true,"href":"https:\/\/exlibris.ee\/ru\/wp-json\/wp\/v2\/publisher?post=91182"}],"curies":[{"name":"wp","href":"https:\/\/api.w.org\/{rel}","templated":true}]}}