{"id":91184,"date":"2023-07-26T00:31:57","date_gmt":"2023-07-25T21:31:57","guid":{"rendered":"https:\/\/exlibris.ee\/toode\/die-mathearbeit\/"},"modified":"2026-04-11T17:24:43","modified_gmt":"2026-04-11T14:24:43","slug":"die-mathearbeit","status":"publish","type":"product","link":"https:\/\/exlibris.ee\/ru\/produkt\/die-mathearbeit\/","title":{"rendered":"Die Mathearbeit"},"content":{"rendered":"<p>Jakob ist 15 Jahre alt und hat viele Hobbys. Da bleibt kaum Zeit f\u00fcr die Schule zu lernen und in einer Woche schreibt er eine wichtige Mathearbeit. Ob ihm sein Freund Felix &#8212; ein Mathegenie &#8212; helfen kann? Geschichten aus dem Alltag jugendlicher Sch\u00fcler, mit \u00dcbungen zum Lese- und H\u00f6rverstehen, Und das Beste: die Lekt\u00fcren gibt es auch als komplettes H\u00f6rbuch mit H\u00f6rspielszenen zum Download.<\/p>\n","protected":false},"excerpt":{"rendered":"<p>Jakob ist 15 Jahre alt und hat viele Hobbys. Da bleibt kaum Zeit f\u00fcr die Schule zu lernen und in einer Woche schreibt er eine wichtige Mathearbeit. Ob ihm sein Freund Felix &#8212; ein Mathegenie &#8212; helfen kann? Geschichten aus&#8230;<\/p>\n","protected":false},"featured_media":201550,"template":"","meta":{"_acf_changed":false,"inline_featured_image":false},"product_brand":[],"product_cat":[851],"product_tag":[],"series":[{"id":1492,"name":"leicht &amp; genial","slug":"leicht-genial"}],"publisher":[{"id":473,"name":"Klett Verlag","slug":"klett-verlag"}],"class_list":{"0":"post-91184","1":"product","2":"type-product","3":"status-publish","4":"has-post-thumbnail","6":"product_cat-lesetexte-deutsch","7":"series-leicht-genial","8":"publisher-klett-verlag","10":"first","11":"onbackorder","12":"taxable","13":"shipping-taxable","14":"purchasable","15":"product-type-simple"},"acf":[],"_links":{"self":[{"href":"https:\/\/exlibris.ee\/ru\/wp-json\/wp\/v2\/product\/91184","targetHints":{"allow":["GET"]}}],"collection":[{"href":"https:\/\/exlibris.ee\/ru\/wp-json\/wp\/v2\/product"}],"about":[{"href":"https:\/\/exlibris.ee\/ru\/wp-json\/wp\/v2\/types\/product"}],"wp:featuredmedia":[{"embeddable":true,"href":"https:\/\/exlibris.ee\/ru\/wp-json\/wp\/v2\/media\/201550"}],"wp:attachment":[{"href":"https:\/\/exlibris.ee\/ru\/wp-json\/wp\/v2\/media?parent=91184"}],"wp:term":[{"taxonomy":"product_brand","embeddable":true,"href":"https:\/\/exlibris.ee\/ru\/wp-json\/wp\/v2\/product_brand?post=91184"},{"taxonomy":"product_cat","embeddable":true,"href":"https:\/\/exlibris.ee\/ru\/wp-json\/wp\/v2\/product_cat?post=91184"},{"taxonomy":"product_tag","embeddable":true,"href":"https:\/\/exlibris.ee\/ru\/wp-json\/wp\/v2\/product_tag?post=91184"},{"taxonomy":"series","embeddable":true,"href":"https:\/\/exlibris.ee\/ru\/wp-json\/wp\/v2\/series?post=91184"},{"taxonomy":"publisher","embeddable":true,"href":"https:\/\/exlibris.ee\/ru\/wp-json\/wp\/v2\/publisher?post=91184"}],"curies":[{"name":"wp","href":"https:\/\/api.w.org\/{rel}","templated":true}]}}