{"id":91194,"date":"2023-07-26T00:31:58","date_gmt":"2023-07-25T21:31:58","guid":{"rendered":"https:\/\/exlibris.ee\/toode\/ausgetrickst-stufe-2-buch-cd\/"},"modified":"2026-04-20T08:04:43","modified_gmt":"2026-04-20T05:04:43","slug":"ausgetrickst-stufe-2-buch-cd","status":"publish","type":"product","link":"https:\/\/exlibris.ee\/ru\/produkt\/ausgetrickst-stufe-2-buch-cd\/","title":{"rendered":"Ausgetrickst (Stufe 2), Buch + CD"},"content":{"rendered":"<p>Sascha&#187; hei\u00dft der neue Mitsch\u00fcler in der Klasse 8b. Er steht schnell im Mittelpunkt, ist \u00fcberall beliebt und der Schwarm aller M\u00e4dchen. Aber: Wer andern eine Grube gr\u00e4bt, f\u00e4llt oft selbst hinein!<\/p>\n","protected":false},"excerpt":{"rendered":"<p>Sascha&#187; hei\u00dft der neue Mitsch\u00fcler in der Klasse 8b. Er steht schnell im Mittelpunkt, ist \u00fcberall beliebt und der Schwarm aller M\u00e4dchen. Aber: Wer andern eine Grube gr\u00e4bt, f\u00e4llt oft selbst hinein!<\/p>\n","protected":false},"featured_media":371460,"template":"","meta":{"_acf_changed":false,"inline_featured_image":false},"product_brand":[],"product_cat":[851],"product_tag":[],"series":[{"id":1494,"name":"Klara &amp; Theo","slug":"klara-theo"}],"publisher":[{"id":473,"name":"Klett Verlag","slug":"klett-verlag"}],"class_list":{"0":"post-91194","1":"product","2":"type-product","3":"status-publish","4":"has-post-thumbnail","6":"product_cat-lesetexte-deutsch","7":"series-klara-theo","8":"publisher-klett-verlag","10":"first","11":"onbackorder","12":"taxable","13":"shipping-taxable","14":"purchasable","15":"product-type-simple"},"acf":[],"_links":{"self":[{"href":"https:\/\/exlibris.ee\/ru\/wp-json\/wp\/v2\/product\/91194","targetHints":{"allow":["GET"]}}],"collection":[{"href":"https:\/\/exlibris.ee\/ru\/wp-json\/wp\/v2\/product"}],"about":[{"href":"https:\/\/exlibris.ee\/ru\/wp-json\/wp\/v2\/types\/product"}],"wp:featuredmedia":[{"embeddable":true,"href":"https:\/\/exlibris.ee\/ru\/wp-json\/wp\/v2\/media\/371460"}],"wp:attachment":[{"href":"https:\/\/exlibris.ee\/ru\/wp-json\/wp\/v2\/media?parent=91194"}],"wp:term":[{"taxonomy":"product_brand","embeddable":true,"href":"https:\/\/exlibris.ee\/ru\/wp-json\/wp\/v2\/product_brand?post=91194"},{"taxonomy":"product_cat","embeddable":true,"href":"https:\/\/exlibris.ee\/ru\/wp-json\/wp\/v2\/product_cat?post=91194"},{"taxonomy":"product_tag","embeddable":true,"href":"https:\/\/exlibris.ee\/ru\/wp-json\/wp\/v2\/product_tag?post=91194"},{"taxonomy":"series","embeddable":true,"href":"https:\/\/exlibris.ee\/ru\/wp-json\/wp\/v2\/series?post=91194"},{"taxonomy":"publisher","embeddable":true,"href":"https:\/\/exlibris.ee\/ru\/wp-json\/wp\/v2\/publisher?post=91194"}],"curies":[{"name":"wp","href":"https:\/\/api.w.org\/{rel}","templated":true}]}}