{"id":91198,"date":"2023-07-26T00:31:59","date_gmt":"2023-07-25T21:31:59","guid":{"rendered":"https:\/\/exlibris.ee\/toode\/die-ilse-ist-weg\/"},"modified":"2026-04-20T08:04:43","modified_gmt":"2026-04-20T05:04:43","slug":"die-ilse-ist-weg","status":"publish","type":"product","link":"https:\/\/exlibris.ee\/ru\/produkt\/die-ilse-ist-weg\/","title":{"rendered":"Die Ilse ist weg"},"content":{"rendered":"<p>Christine N\u00f6stlinger hat eines ihrer beliebten Jugendb\u00fccher f\u00fcr den DaF-Unterricht bearbeitet. Das Buch ist der erste Band einer Lekt\u00fcrereihe, die vom Goethe-Institut f\u00fcr den Sprach- und Literaturunterricht mit Jugendlichen konzipiert wurde. Einsetzbar im 2. oder 3. Jahr DaF.<\/p>\n","protected":false},"excerpt":{"rendered":"<p>Christine N\u00f6stlinger hat eines ihrer beliebten Jugendb\u00fccher f\u00fcr den DaF-Unterricht bearbeitet. Das Buch ist der erste Band einer Lekt\u00fcrereihe, die vom Goethe-Institut f\u00fcr den Sprach- und Literaturunterricht mit Jugendlichen konzipiert wurde. Einsetzbar im 2. oder 3. Jahr DaF.<\/p>\n","protected":false},"featured_media":371465,"template":"","meta":{"_acf_changed":false,"inline_featured_image":false},"product_brand":[],"product_cat":[851],"product_tag":[],"series":[{"id":1495,"name":"Leichte Lekt\u00fcren f\u00fcr Jugendliche","slug":"leichte-lekturen-fur-jugendliche"}],"publisher":[{"id":473,"name":"Klett Verlag","slug":"klett-verlag"}],"class_list":{"0":"post-91198","1":"product","2":"type-product","3":"status-publish","4":"has-post-thumbnail","6":"product_cat-lesetexte-deutsch","7":"series-leichte-lekturen-fur-jugendliche","8":"publisher-klett-verlag","10":"first","11":"onbackorder","12":"taxable","13":"shipping-taxable","14":"purchasable","15":"product-type-simple"},"acf":[],"_links":{"self":[{"href":"https:\/\/exlibris.ee\/ru\/wp-json\/wp\/v2\/product\/91198","targetHints":{"allow":["GET"]}}],"collection":[{"href":"https:\/\/exlibris.ee\/ru\/wp-json\/wp\/v2\/product"}],"about":[{"href":"https:\/\/exlibris.ee\/ru\/wp-json\/wp\/v2\/types\/product"}],"wp:featuredmedia":[{"embeddable":true,"href":"https:\/\/exlibris.ee\/ru\/wp-json\/wp\/v2\/media\/371465"}],"wp:attachment":[{"href":"https:\/\/exlibris.ee\/ru\/wp-json\/wp\/v2\/media?parent=91198"}],"wp:term":[{"taxonomy":"product_brand","embeddable":true,"href":"https:\/\/exlibris.ee\/ru\/wp-json\/wp\/v2\/product_brand?post=91198"},{"taxonomy":"product_cat","embeddable":true,"href":"https:\/\/exlibris.ee\/ru\/wp-json\/wp\/v2\/product_cat?post=91198"},{"taxonomy":"product_tag","embeddable":true,"href":"https:\/\/exlibris.ee\/ru\/wp-json\/wp\/v2\/product_tag?post=91198"},{"taxonomy":"series","embeddable":true,"href":"https:\/\/exlibris.ee\/ru\/wp-json\/wp\/v2\/series?post=91198"},{"taxonomy":"publisher","embeddable":true,"href":"https:\/\/exlibris.ee\/ru\/wp-json\/wp\/v2\/publisher?post=91198"}],"curies":[{"name":"wp","href":"https:\/\/api.w.org\/{rel}","templated":true}]}}