{"id":91206,"date":"2023-07-26T00:32:00","date_gmt":"2023-07-25T21:32:00","guid":{"rendered":"https:\/\/exlibris.ee\/toode\/dll-4-aufgaben-ubungen-interaktion\/"},"modified":"2026-04-17T15:26:20","modified_gmt":"2026-04-17T12:26:20","slug":"dll-4-aufgaben-ubungen-interaktion","status":"publish","type":"product","link":"https:\/\/exlibris.ee\/ru\/produkt\/dll-4-aufgaben-ubungen-interaktion\/","title":{"rendered":"DLL 4 Aufgaben, \u00dcbungen, Interaktion"},"content":{"rendered":"<p>dll 4 behandelt die Funktion von Aufgaben und \u00fcbungen bei der Interaktion im Klassenzimmer, die Steuerung von sozialen Prozessen und Routinen im Unterricht und die Erg\u00e4nzung von Aufgaben und \u00fcbungen in Lehrwerken.<\/p>\n","protected":false},"excerpt":{"rendered":"<p>dll 4 behandelt die Funktion von Aufgaben und \u00fcbungen bei der Interaktion im Klassenzimmer, die Steuerung von sozialen Prozessen und Routinen im Unterricht und die Erg\u00e4nzung von Aufgaben und \u00fcbungen in Lehrwerken.<\/p>\n","protected":false},"featured_media":320181,"template":"","meta":{"_acf_changed":false,"inline_featured_image":false},"product_brand":[],"product_cat":[886],"product_tag":[],"series":[{"id":912,"name":"dll deutsch lehren lernen","slug":"dll-deutsch-lehren-lernen"}],"publisher":[{"id":473,"name":"Klett Verlag","slug":"klett-verlag"}],"class_list":{"0":"post-91206","1":"product","2":"type-product","3":"status-publish","4":"has-post-thumbnail","6":"product_cat-methodik","7":"series-dll-deutsch-lehren-lernen","8":"publisher-klett-verlag","10":"first","11":"onbackorder","12":"taxable","13":"shipping-taxable","14":"purchasable","15":"product-type-simple"},"acf":[],"_links":{"self":[{"href":"https:\/\/exlibris.ee\/ru\/wp-json\/wp\/v2\/product\/91206","targetHints":{"allow":["GET"]}}],"collection":[{"href":"https:\/\/exlibris.ee\/ru\/wp-json\/wp\/v2\/product"}],"about":[{"href":"https:\/\/exlibris.ee\/ru\/wp-json\/wp\/v2\/types\/product"}],"wp:featuredmedia":[{"embeddable":true,"href":"https:\/\/exlibris.ee\/ru\/wp-json\/wp\/v2\/media\/320181"}],"wp:attachment":[{"href":"https:\/\/exlibris.ee\/ru\/wp-json\/wp\/v2\/media?parent=91206"}],"wp:term":[{"taxonomy":"product_brand","embeddable":true,"href":"https:\/\/exlibris.ee\/ru\/wp-json\/wp\/v2\/product_brand?post=91206"},{"taxonomy":"product_cat","embeddable":true,"href":"https:\/\/exlibris.ee\/ru\/wp-json\/wp\/v2\/product_cat?post=91206"},{"taxonomy":"product_tag","embeddable":true,"href":"https:\/\/exlibris.ee\/ru\/wp-json\/wp\/v2\/product_tag?post=91206"},{"taxonomy":"series","embeddable":true,"href":"https:\/\/exlibris.ee\/ru\/wp-json\/wp\/v2\/series?post=91206"},{"taxonomy":"publisher","embeddable":true,"href":"https:\/\/exlibris.ee\/ru\/wp-json\/wp\/v2\/publisher?post=91206"}],"curies":[{"name":"wp","href":"https:\/\/api.w.org\/{rel}","templated":true}]}}