{"id":91211,"date":"2023-07-26T00:32:00","date_gmt":"2023-07-25T21:32:00","guid":{"rendered":"https:\/\/exlibris.ee\/toode\/dll-10-daf-fur-jugendliche\/"},"modified":"2026-04-05T15:19:55","modified_gmt":"2026-04-05T12:19:55","slug":"dll-10-daf-fur-jugendliche","status":"publish","type":"product","link":"https:\/\/exlibris.ee\/ru\/produkt\/dll-10-daf-fur-jugendliche\/","title":{"rendered":"DLL 10 DaF f\u00fcr Jugendliche"},"content":{"rendered":"<p>Jugendliche lernen anders als Kinder und Erwachsene und stellen daher eine ganz besondere Zielgruppe dar. Die Ver\u00e4nderungen, die ein Mensch w\u00e4hrend der Jugendphase erf\u00e4hrt, sind sehr gro\u00df und haben Einfluss auf das Lernen. Lehrkr\u00e4fte suchen deshalb kontinuierlich nach Konzepten, wie sie Sch\u00fclerinnen und Sch\u00fclern auf eine zeitgem\u00e4\u00dfe Art und Weise gerecht werden und ihr Potenzial nutzen k\u00f6nnen. Dieser Band unterst\u00fctzt Sie als Lehrkraft bei dieser Suche.<\/p>\n","protected":false},"excerpt":{"rendered":"<p>Jugendliche lernen anders als Kinder und Erwachsene und stellen daher eine ganz besondere Zielgruppe dar. Die Ver\u00e4nderungen, die ein Mensch w\u00e4hrend der Jugendphase erf\u00e4hrt, sind sehr gro\u00df und haben Einfluss auf das Lernen. Lehrkr\u00e4fte suchen deshalb kontinuierlich nach Konzepten, wie&#8230;<\/p>\n","protected":false},"featured_media":91157,"template":"","meta":{"_acf_changed":false,"inline_featured_image":false},"product_brand":[],"product_cat":[886],"product_tag":[],"series":[{"id":912,"name":"dll deutsch lehren lernen","slug":"dll-deutsch-lehren-lernen"}],"publisher":[{"id":473,"name":"Klett Verlag","slug":"klett-verlag"}],"class_list":{"0":"post-91211","1":"product","2":"type-product","3":"status-publish","4":"has-post-thumbnail","6":"product_cat-methodik","7":"series-dll-deutsch-lehren-lernen","8":"publisher-klett-verlag","10":"first","11":"onbackorder","12":"taxable","13":"shipping-taxable","14":"purchasable","15":"product-type-simple"},"acf":[],"_links":{"self":[{"href":"https:\/\/exlibris.ee\/ru\/wp-json\/wp\/v2\/product\/91211","targetHints":{"allow":["GET"]}}],"collection":[{"href":"https:\/\/exlibris.ee\/ru\/wp-json\/wp\/v2\/product"}],"about":[{"href":"https:\/\/exlibris.ee\/ru\/wp-json\/wp\/v2\/types\/product"}],"wp:featuredmedia":[{"embeddable":true,"href":"https:\/\/exlibris.ee\/ru\/wp-json\/wp\/v2\/media\/91157"}],"wp:attachment":[{"href":"https:\/\/exlibris.ee\/ru\/wp-json\/wp\/v2\/media?parent=91211"}],"wp:term":[{"taxonomy":"product_brand","embeddable":true,"href":"https:\/\/exlibris.ee\/ru\/wp-json\/wp\/v2\/product_brand?post=91211"},{"taxonomy":"product_cat","embeddable":true,"href":"https:\/\/exlibris.ee\/ru\/wp-json\/wp\/v2\/product_cat?post=91211"},{"taxonomy":"product_tag","embeddable":true,"href":"https:\/\/exlibris.ee\/ru\/wp-json\/wp\/v2\/product_tag?post=91211"},{"taxonomy":"series","embeddable":true,"href":"https:\/\/exlibris.ee\/ru\/wp-json\/wp\/v2\/series?post=91211"},{"taxonomy":"publisher","embeddable":true,"href":"https:\/\/exlibris.ee\/ru\/wp-json\/wp\/v2\/publisher?post=91211"}],"curies":[{"name":"wp","href":"https:\/\/api.w.org\/{rel}","templated":true}]}}