{"id":91212,"date":"2023-07-26T00:32:01","date_gmt":"2023-07-25T21:32:01","guid":{"rendered":"https:\/\/exlibris.ee\/toode\/dll-glossar\/"},"modified":"2026-04-05T15:19:56","modified_gmt":"2026-04-05T12:19:56","slug":"dll-glossar","status":"publish","type":"product","link":"https:\/\/exlibris.ee\/ru\/produkt\/dll-glossar\/","title":{"rendered":"dll Glossar"},"content":{"rendered":"<p>Das Glossar zu dll fasst die Fachbegriffe, die in denjeweiligen Einheiten im Anhang aufgef\u00fchrt sind, zusammen. Das Glossar ist als Begleitmaterial zu dll wie auch unabh\u00e4ngig davon ein n\u00fctzliches Instrumentarium f\u00fcr DaF-Lehrkr\u00e4fte.<\/p>\n","protected":false},"excerpt":{"rendered":"<p>Das Glossar zu dll fasst die Fachbegriffe, die in denjeweiligen Einheiten im Anhang aufgef\u00fchrt sind, zusammen. Das Glossar ist als Begleitmaterial zu dll wie auch unabh\u00e4ngig davon ein n\u00fctzliches Instrumentarium f\u00fcr DaF-Lehrkr\u00e4fte.<\/p>\n","protected":false},"featured_media":91160,"template":"","meta":{"_acf_changed":false,"inline_featured_image":false},"product_brand":[],"product_cat":[886],"product_tag":[],"series":[{"id":912,"name":"dll deutsch lehren lernen","slug":"dll-deutsch-lehren-lernen"}],"publisher":[{"id":473,"name":"Klett Verlag","slug":"klett-verlag"}],"class_list":{"0":"post-91212","1":"product","2":"type-product","3":"status-publish","4":"has-post-thumbnail","6":"product_cat-methodik","7":"series-dll-deutsch-lehren-lernen","8":"publisher-klett-verlag","10":"first","11":"onbackorder","12":"taxable","13":"shipping-taxable","14":"purchasable","15":"product-type-simple"},"acf":[],"_links":{"self":[{"href":"https:\/\/exlibris.ee\/ru\/wp-json\/wp\/v2\/product\/91212","targetHints":{"allow":["GET"]}}],"collection":[{"href":"https:\/\/exlibris.ee\/ru\/wp-json\/wp\/v2\/product"}],"about":[{"href":"https:\/\/exlibris.ee\/ru\/wp-json\/wp\/v2\/types\/product"}],"wp:featuredmedia":[{"embeddable":true,"href":"https:\/\/exlibris.ee\/ru\/wp-json\/wp\/v2\/media\/91160"}],"wp:attachment":[{"href":"https:\/\/exlibris.ee\/ru\/wp-json\/wp\/v2\/media?parent=91212"}],"wp:term":[{"taxonomy":"product_brand","embeddable":true,"href":"https:\/\/exlibris.ee\/ru\/wp-json\/wp\/v2\/product_brand?post=91212"},{"taxonomy":"product_cat","embeddable":true,"href":"https:\/\/exlibris.ee\/ru\/wp-json\/wp\/v2\/product_cat?post=91212"},{"taxonomy":"product_tag","embeddable":true,"href":"https:\/\/exlibris.ee\/ru\/wp-json\/wp\/v2\/product_tag?post=91212"},{"taxonomy":"series","embeddable":true,"href":"https:\/\/exlibris.ee\/ru\/wp-json\/wp\/v2\/series?post=91212"},{"taxonomy":"publisher","embeddable":true,"href":"https:\/\/exlibris.ee\/ru\/wp-json\/wp\/v2\/publisher?post=91212"}],"curies":[{"name":"wp","href":"https:\/\/api.w.org\/{rel}","templated":true}]}}