{"id":91215,"date":"2023-07-26T00:32:01","date_gmt":"2023-07-25T21:32:01","guid":{"rendered":"https:\/\/exlibris.ee\/toode\/kraft-der-dunklen-zeichen\/"},"modified":"2026-04-14T19:14:33","modified_gmt":"2026-04-14T16:14:33","slug":"kraft-der-dunklen-zeichen","status":"publish","type":"product","link":"https:\/\/exlibris.ee\/ru\/produkt\/kraft-der-dunklen-zeichen\/","title":{"rendered":"Kraft der dunklen Zeichen"},"content":{"rendered":"<p>Viele N\u00e4chte schon dr\u00e4ngen sich dunkle Bilder in Dennis\u2018 Tr\u00e4ume. Eine tiefe Stimme befiehlt ihm, in die dunkle Welt jenseits des magischen Tores zur\u00fcckzukehren, die er vor langer Zeit besucht hat. Niemals wollte er dorthin zur\u00fcck. Als er aber schlie\u00dflich doch wieder durch das magische Tor geht und die andere Welt, in der immerw\u00e4hrende Dunkelheit herrscht, betritt, folgen ihm unbemerkt Leon, Ruben und dessen kleine Schwester Sophie. Ohne es zu ahnen, werden die vier Jugendlichen in einen uralten Kampf gro\u00dfer M\u00e4chte hineingezogen. Je mehr sie \u00fcber die R\u00e4tsel dieser Welt herausfinden, desto verwirrender erscheint sie ihnen. Welcher Seite werden sie im gro\u00dfen Kampf beistehen?<\/p>\n","protected":false},"excerpt":{"rendered":"<p>Viele N\u00e4chte schon dr\u00e4ngen sich dunkle Bilder in Dennis\u2018 Tr\u00e4ume. Eine tiefe Stimme befiehlt ihm, in die dunkle Welt jenseits des magischen Tores zur\u00fcckzukehren, die er vor langer Zeit besucht hat. Niemals wollte er dorthin zur\u00fcck. Als er aber schlie\u00dflich&#8230;<\/p>\n","protected":false},"featured_media":268634,"template":"","meta":{"_acf_changed":false,"inline_featured_image":false},"product_brand":[],"product_cat":[851],"product_tag":[],"series":[{"id":1496,"name":"Lies und schreib mit","slug":"lies-und-schreib-mit"}],"publisher":[{"id":473,"name":"Klett Verlag","slug":"klett-verlag"}],"class_list":{"0":"post-91215","1":"product","2":"type-product","3":"status-publish","4":"has-post-thumbnail","6":"product_cat-lesetexte-deutsch","7":"series-lies-und-schreib-mit","8":"publisher-klett-verlag","10":"first","11":"onbackorder","12":"taxable","13":"shipping-taxable","14":"purchasable","15":"product-type-simple"},"acf":[],"_links":{"self":[{"href":"https:\/\/exlibris.ee\/ru\/wp-json\/wp\/v2\/product\/91215","targetHints":{"allow":["GET"]}}],"collection":[{"href":"https:\/\/exlibris.ee\/ru\/wp-json\/wp\/v2\/product"}],"about":[{"href":"https:\/\/exlibris.ee\/ru\/wp-json\/wp\/v2\/types\/product"}],"wp:featuredmedia":[{"embeddable":true,"href":"https:\/\/exlibris.ee\/ru\/wp-json\/wp\/v2\/media\/268634"}],"wp:attachment":[{"href":"https:\/\/exlibris.ee\/ru\/wp-json\/wp\/v2\/media?parent=91215"}],"wp:term":[{"taxonomy":"product_brand","embeddable":true,"href":"https:\/\/exlibris.ee\/ru\/wp-json\/wp\/v2\/product_brand?post=91215"},{"taxonomy":"product_cat","embeddable":true,"href":"https:\/\/exlibris.ee\/ru\/wp-json\/wp\/v2\/product_cat?post=91215"},{"taxonomy":"product_tag","embeddable":true,"href":"https:\/\/exlibris.ee\/ru\/wp-json\/wp\/v2\/product_tag?post=91215"},{"taxonomy":"series","embeddable":true,"href":"https:\/\/exlibris.ee\/ru\/wp-json\/wp\/v2\/series?post=91215"},{"taxonomy":"publisher","embeddable":true,"href":"https:\/\/exlibris.ee\/ru\/wp-json\/wp\/v2\/publisher?post=91215"}],"curies":[{"name":"wp","href":"https:\/\/api.w.org\/{rel}","templated":true}]}}