{"id":91304,"date":"2023-07-26T00:33:22","date_gmt":"2023-07-25T21:33:22","guid":{"rendered":"https:\/\/exlibris.ee\/toode\/demo-in-der-kohlegrube-auf-tour-bei-leipzig\/"},"modified":"2026-04-13T05:21:31","modified_gmt":"2026-04-13T02:21:31","slug":"demo-in-der-kohlegrube-auf-tour-bei-leipzig","status":"publish","type":"product","link":"https:\/\/exlibris.ee\/ru\/produkt\/demo-in-der-kohlegrube-auf-tour-bei-leipzig\/","title":{"rendered":"Demo in der Kohlegrube &#8212; Auf Tour bei Leipzig"},"content":{"rendered":"<p>Nurcan, Reza und Katharina wollen bei der Blockade einer Kohlegrube mitmachen. Entschlossen machen sich die Jugendlichen zusammen mit vielen anderen auf den Weg. Doch sie ahnen nicht, was sie an diesem Wochenende erwartet \u2026 Themen: Abenteuer, Freundschaft, Umwelt und Klimaschutz \u201eDidaktisch hervorragend und schneidet heikle Themen an\u201c, Inger Holndonner (Lehrerin und Umweltgutachterin) I. Holndonner hat das Schulprogramm f\u00fcr die Klimabuchmesse 2023 in Leipzig mitgestaltet und die Lekt\u00fcre ins Programm aufgenommen und rezensiert. \u201eDie Geschichte ist didaktisch hervorragend ausgearbeitet: Sie ist in der Sprachstufe A2 verfasst und in f\u00fcnf Kapitel aufgeteilt. Neben dem Flie\u00dftext wird die Erz\u00e4hlung in unterschiedlichen Textformen wie einem Kurznachrichtengespr\u00e4ch, Listen oder einem Tagebucheintrag pr\u00e4sentiert. Als Leseunterst\u00fctzung f\u00fcr DaZ-Lernende werden vor jedem Kapitel wichtige W\u00f6rter auf einer Bildseite dargestellt, in den Fu\u00dfnoten findet sich auf jeder Seite ein Glossar mit bis zu f\u00fcnf erkl\u00e4rten W\u00f6rtern und nach jedem Kapitel kann man das Gelesene mit Verst\u00e4ndnisfragen \u00fcberpr\u00fcfen. [\u2026] Meines Erachtens ist die St\u00e4rke des Textes seine Aktualit\u00e4t, denn die Diskussion des Strukturwandels der Kohleabbauregion rund um Leipzig ist mit der Versch\u00e4rfung der Klimakrise nicht nur gegenw\u00e4rtig, sondern eben besonders f\u00fcr die Zukunft wichtig.\u201c (Inger Holndonner).<\/p>\n","protected":false},"excerpt":{"rendered":"<p>Nurcan, Reza und Katharina wollen bei der Blockade einer Kohlegrube mitmachen. Entschlossen machen sich die Jugendlichen zusammen mit vielen anderen auf den Weg. Doch sie ahnen nicht, was sie an diesem Wochenende erwartet \u2026 Themen: Abenteuer, Freundschaft, Umwelt und Klimaschutz&#8230;<\/p>\n","protected":false},"featured_media":235179,"template":"","meta":{"_acf_changed":false,"inline_featured_image":false},"product_brand":[],"product_cat":[851],"product_tag":[],"series":[{"id":1497,"name":"StadtLandAbenteuer","slug":"stadtlandabenteuer"}],"publisher":[{"id":473,"name":"Klett Verlag","slug":"klett-verlag"}],"class_list":{"0":"post-91304","1":"product","2":"type-product","3":"status-publish","4":"has-post-thumbnail","6":"product_cat-lesetexte-deutsch","7":"series-stadtlandabenteuer","8":"publisher-klett-verlag","10":"first","11":"onbackorder","12":"taxable","13":"shipping-taxable","14":"purchasable","15":"product-type-simple"},"acf":[],"_links":{"self":[{"href":"https:\/\/exlibris.ee\/ru\/wp-json\/wp\/v2\/product\/91304","targetHints":{"allow":["GET"]}}],"collection":[{"href":"https:\/\/exlibris.ee\/ru\/wp-json\/wp\/v2\/product"}],"about":[{"href":"https:\/\/exlibris.ee\/ru\/wp-json\/wp\/v2\/types\/product"}],"wp:featuredmedia":[{"embeddable":true,"href":"https:\/\/exlibris.ee\/ru\/wp-json\/wp\/v2\/media\/235179"}],"wp:attachment":[{"href":"https:\/\/exlibris.ee\/ru\/wp-json\/wp\/v2\/media?parent=91304"}],"wp:term":[{"taxonomy":"product_brand","embeddable":true,"href":"https:\/\/exlibris.ee\/ru\/wp-json\/wp\/v2\/product_brand?post=91304"},{"taxonomy":"product_cat","embeddable":true,"href":"https:\/\/exlibris.ee\/ru\/wp-json\/wp\/v2\/product_cat?post=91304"},{"taxonomy":"product_tag","embeddable":true,"href":"https:\/\/exlibris.ee\/ru\/wp-json\/wp\/v2\/product_tag?post=91304"},{"taxonomy":"series","embeddable":true,"href":"https:\/\/exlibris.ee\/ru\/wp-json\/wp\/v2\/series?post=91304"},{"taxonomy":"publisher","embeddable":true,"href":"https:\/\/exlibris.ee\/ru\/wp-json\/wp\/v2\/publisher?post=91304"}],"curies":[{"name":"wp","href":"https:\/\/api.w.org\/{rel}","templated":true}]}}