{"id":91310,"date":"2023-07-26T00:33:22","date_gmt":"2023-07-25T21:33:22","guid":{"rendered":"https:\/\/exlibris.ee\/toode\/in-gefahr-stufe-2\/"},"modified":"2026-04-24T01:30:01","modified_gmt":"2026-04-23T22:30:01","slug":"in-gefahr-stufe-2","status":"publish","type":"product","link":"https:\/\/exlibris.ee\/ru\/produkt\/in-gefahr-stufe-2\/","title":{"rendered":"In Gefahr (Stufe 2)"},"content":{"rendered":"<p>Wir machen einfach sch\u00f6ne Ferien auf einem Hausboot, denken Anna, Paco, Felipe und Benno. Doch dann geraten die vier in gro\u00dfe Gefahr. K\u00f6nnen Leo und Klaus helfen?<\/p>\n","protected":false},"excerpt":{"rendered":"<p>Wir machen einfach sch\u00f6ne Ferien auf einem Hausboot, denken Anna, Paco, Felipe und Benno. Doch dann geraten die vier in gro\u00dfe Gefahr. K\u00f6nnen Leo und Klaus helfen?<\/p>\n","protected":false},"featured_media":439420,"template":"","meta":{"_acf_changed":false,"inline_featured_image":false},"product_brand":[],"product_cat":[851],"product_tag":[],"series":[{"id":1491,"name":"Leo &amp; Co.","slug":"leo-co"}],"publisher":[{"id":473,"name":"Klett Verlag","slug":"klett-verlag"}],"class_list":{"0":"post-91310","1":"product","2":"type-product","3":"status-publish","4":"has-post-thumbnail","6":"product_cat-lesetexte-deutsch","7":"series-leo-co","8":"publisher-klett-verlag","10":"first","11":"onbackorder","12":"taxable","13":"shipping-taxable","14":"purchasable","15":"product-type-simple"},"acf":[],"_links":{"self":[{"href":"https:\/\/exlibris.ee\/ru\/wp-json\/wp\/v2\/product\/91310","targetHints":{"allow":["GET"]}}],"collection":[{"href":"https:\/\/exlibris.ee\/ru\/wp-json\/wp\/v2\/product"}],"about":[{"href":"https:\/\/exlibris.ee\/ru\/wp-json\/wp\/v2\/types\/product"}],"wp:featuredmedia":[{"embeddable":true,"href":"https:\/\/exlibris.ee\/ru\/wp-json\/wp\/v2\/media\/439420"}],"wp:attachment":[{"href":"https:\/\/exlibris.ee\/ru\/wp-json\/wp\/v2\/media?parent=91310"}],"wp:term":[{"taxonomy":"product_brand","embeddable":true,"href":"https:\/\/exlibris.ee\/ru\/wp-json\/wp\/v2\/product_brand?post=91310"},{"taxonomy":"product_cat","embeddable":true,"href":"https:\/\/exlibris.ee\/ru\/wp-json\/wp\/v2\/product_cat?post=91310"},{"taxonomy":"product_tag","embeddable":true,"href":"https:\/\/exlibris.ee\/ru\/wp-json\/wp\/v2\/product_tag?post=91310"},{"taxonomy":"series","embeddable":true,"href":"https:\/\/exlibris.ee\/ru\/wp-json\/wp\/v2\/series?post=91310"},{"taxonomy":"publisher","embeddable":true,"href":"https:\/\/exlibris.ee\/ru\/wp-json\/wp\/v2\/publisher?post=91310"}],"curies":[{"name":"wp","href":"https:\/\/api.w.org\/{rel}","templated":true}]}}