{"id":91322,"date":"2023-07-26T00:33:24","date_gmt":"2023-07-25T21:33:24","guid":{"rendered":"https:\/\/exlibris.ee\/toode\/der-rauber-hotzenplotz\/"},"modified":"2026-04-18T15:24:36","modified_gmt":"2026-04-18T12:24:36","slug":"der-rauber-hotzenplotz","status":"publish","type":"product","link":"https:\/\/exlibris.ee\/ru\/produkt\/der-rauber-hotzenplotz\/","title":{"rendered":"Der R\u00e4uber Hotzenplotz"},"content":{"rendered":"<p>Der R\u00e4uber Hotzenplotz hat die Kaffeem\u00fchle von Kasperls Gro\u00dfmutter gestohlen. Mit seinem Freund Seppel macht sich Kasperl auf den Weg. Sie wollen die Kaffeem\u00fchle zur\u00fcckholen. Doch die beiden werden vom R\u00e4uber Hotzenplotz und seinem Freund, einem b\u00f6sen Zauberer, gefangen genommen. K\u00f6nnen sich Kasperl und Seppel befreien?<\/p>\n","protected":false},"excerpt":{"rendered":"<p>Der R\u00e4uber Hotzenplotz hat die Kaffeem\u00fchle von Kasperls Gro\u00dfmutter gestohlen. Mit seinem Freund Seppel macht sich Kasperl auf den Weg. Sie wollen die Kaffeem\u00fchle zur\u00fcckholen. Doch die beiden werden vom R\u00e4uber Hotzenplotz und seinem Freund, einem b\u00f6sen Zauberer, gefangen genommen&#8230;.<\/p>\n","protected":false},"featured_media":337351,"template":"","meta":{"_acf_changed":false,"inline_featured_image":false},"product_brand":[],"product_cat":[851],"product_tag":[],"series":[{"id":1498,"name":"Deutsch leichter lesen","slug":"deutsch-leichter-lesen"}],"publisher":[{"id":473,"name":"Klett Verlag","slug":"klett-verlag"}],"class_list":{"0":"post-91322","1":"product","2":"type-product","3":"status-publish","4":"has-post-thumbnail","6":"product_cat-lesetexte-deutsch","7":"series-deutsch-leichter-lesen","8":"publisher-klett-verlag","10":"first","11":"onbackorder","12":"taxable","13":"shipping-taxable","14":"purchasable","15":"product-type-simple"},"acf":[],"_links":{"self":[{"href":"https:\/\/exlibris.ee\/ru\/wp-json\/wp\/v2\/product\/91322","targetHints":{"allow":["GET"]}}],"collection":[{"href":"https:\/\/exlibris.ee\/ru\/wp-json\/wp\/v2\/product"}],"about":[{"href":"https:\/\/exlibris.ee\/ru\/wp-json\/wp\/v2\/types\/product"}],"wp:featuredmedia":[{"embeddable":true,"href":"https:\/\/exlibris.ee\/ru\/wp-json\/wp\/v2\/media\/337351"}],"wp:attachment":[{"href":"https:\/\/exlibris.ee\/ru\/wp-json\/wp\/v2\/media?parent=91322"}],"wp:term":[{"taxonomy":"product_brand","embeddable":true,"href":"https:\/\/exlibris.ee\/ru\/wp-json\/wp\/v2\/product_brand?post=91322"},{"taxonomy":"product_cat","embeddable":true,"href":"https:\/\/exlibris.ee\/ru\/wp-json\/wp\/v2\/product_cat?post=91322"},{"taxonomy":"product_tag","embeddable":true,"href":"https:\/\/exlibris.ee\/ru\/wp-json\/wp\/v2\/product_tag?post=91322"},{"taxonomy":"series","embeddable":true,"href":"https:\/\/exlibris.ee\/ru\/wp-json\/wp\/v2\/series?post=91322"},{"taxonomy":"publisher","embeddable":true,"href":"https:\/\/exlibris.ee\/ru\/wp-json\/wp\/v2\/publisher?post=91322"}],"curies":[{"name":"wp","href":"https:\/\/api.w.org\/{rel}","templated":true}]}}