{"id":91323,"date":"2023-07-26T00:33:24","date_gmt":"2023-07-25T21:33:24","guid":{"rendered":"https:\/\/exlibris.ee\/toode\/die-kleine-hexe\/"},"modified":"2026-04-11T17:26:19","modified_gmt":"2026-04-11T14:26:19","slug":"die-kleine-hexe","status":"publish","type":"product","link":"https:\/\/exlibris.ee\/ru\/produkt\/die-kleine-hexe\/","title":{"rendered":"Die kleine Hexe"},"content":{"rendered":"<p>Die kleine Hexe wohnt mit ihrem sprechenden Raben Abraxas mitten im Wald. Ihr gr\u00f6\u00dfter Wunsch: Sie m\u00f6chte in der Walpurgisnacht mit den gro\u00dfen Hexen auf dem Blocksberg tanzen. Doch daf\u00fcr ist sie noch zu jung. Trotzdem reitet sie in der Walpurgisnacht auf ihrem Besen zum Blocksberg. Die gro\u00dfen Hexen erwischen sie und verbrennen zur Strafe ihren Besen. Aber wenn die kleine Hexe verspricht, eine gute Hexe zu werden, darf sie im n\u00e4chsten Jahr mittanzen. Und damit beginnt f\u00fcr die kleine Hexe ein aufregendes Jahr&#8230;<\/p>\n","protected":false},"excerpt":{"rendered":"<p>Die kleine Hexe wohnt mit ihrem sprechenden Raben Abraxas mitten im Wald. Ihr gr\u00f6\u00dfter Wunsch: Sie m\u00f6chte in der Walpurgisnacht mit den gro\u00dfen Hexen auf dem Blocksberg tanzen. Doch daf\u00fcr ist sie noch zu jung. Trotzdem reitet sie in der&#8230;<\/p>\n","protected":false},"featured_media":201778,"template":"","meta":{"_acf_changed":false,"inline_featured_image":false},"product_brand":[],"product_cat":[851],"product_tag":[],"series":[{"id":1498,"name":"Deutsch leichter lesen","slug":"deutsch-leichter-lesen"}],"publisher":[{"id":473,"name":"Klett Verlag","slug":"klett-verlag"}],"class_list":{"0":"post-91323","1":"product","2":"type-product","3":"status-publish","4":"has-post-thumbnail","6":"product_cat-lesetexte-deutsch","7":"series-deutsch-leichter-lesen","8":"publisher-klett-verlag","10":"first","11":"onbackorder","12":"taxable","13":"shipping-taxable","14":"purchasable","15":"product-type-simple"},"acf":[],"_links":{"self":[{"href":"https:\/\/exlibris.ee\/ru\/wp-json\/wp\/v2\/product\/91323","targetHints":{"allow":["GET"]}}],"collection":[{"href":"https:\/\/exlibris.ee\/ru\/wp-json\/wp\/v2\/product"}],"about":[{"href":"https:\/\/exlibris.ee\/ru\/wp-json\/wp\/v2\/types\/product"}],"wp:featuredmedia":[{"embeddable":true,"href":"https:\/\/exlibris.ee\/ru\/wp-json\/wp\/v2\/media\/201778"}],"wp:attachment":[{"href":"https:\/\/exlibris.ee\/ru\/wp-json\/wp\/v2\/media?parent=91323"}],"wp:term":[{"taxonomy":"product_brand","embeddable":true,"href":"https:\/\/exlibris.ee\/ru\/wp-json\/wp\/v2\/product_brand?post=91323"},{"taxonomy":"product_cat","embeddable":true,"href":"https:\/\/exlibris.ee\/ru\/wp-json\/wp\/v2\/product_cat?post=91323"},{"taxonomy":"product_tag","embeddable":true,"href":"https:\/\/exlibris.ee\/ru\/wp-json\/wp\/v2\/product_tag?post=91323"},{"taxonomy":"series","embeddable":true,"href":"https:\/\/exlibris.ee\/ru\/wp-json\/wp\/v2\/series?post=91323"},{"taxonomy":"publisher","embeddable":true,"href":"https:\/\/exlibris.ee\/ru\/wp-json\/wp\/v2\/publisher?post=91323"}],"curies":[{"name":"wp","href":"https:\/\/api.w.org\/{rel}","templated":true}]}}