{"id":91326,"date":"2023-07-26T00:33:24","date_gmt":"2023-07-25T21:33:24","guid":{"rendered":"https:\/\/exlibris.ee\/toode\/rennschwein-rudi-russel\/"},"modified":"2026-04-04T03:11:43","modified_gmt":"2026-04-04T00:11:43","slug":"rennschwein-rudi-russel","status":"publish","type":"product","link":"https:\/\/exlibris.ee\/ru\/produkt\/rennschwein-rudi-russel\/","title":{"rendered":"Rennschwein Rudi R\u00fcssel"},"content":{"rendered":"<p>Bei einem Fest gewinnt Zuppi ein kleines Schwein. Die drei Kinder der Familie freuen sich dar\u00fcber, aber die Eltern nicht. Doch das Schwein darf als Haustier bleiben und bekommt den Namen Rudi R\u00fcssel. Rudi bringt alles durcheinander: Die Familie muss ihn vor dem Schlachthof retten und sogar umziehen. Dann wird Rudi R\u00fcssel zum Gl\u00fccksschwein des Fu\u00dfballvereins. Aber sein wirkliches Talent ist, dass er sehr schnell rennen kann \u2013 denn er ist ein richtiges Rennschwein.<\/p>\n","protected":false},"excerpt":{"rendered":"<p>Bei einem Fest gewinnt Zuppi ein kleines Schwein. Die drei Kinder der Familie freuen sich dar\u00fcber, aber die Eltern nicht. Doch das Schwein darf als Haustier bleiben und bekommt den Namen Rudi R\u00fcssel. Rudi bringt alles durcheinander: Die Familie muss&#8230;<\/p>\n","protected":false},"featured_media":91297,"template":"","meta":{"_acf_changed":false,"inline_featured_image":false},"product_brand":[],"product_cat":[851],"product_tag":[],"series":[{"id":1498,"name":"Deutsch leichter lesen","slug":"deutsch-leichter-lesen"}],"publisher":[{"id":473,"name":"Klett Verlag","slug":"klett-verlag"}],"class_list":{"0":"post-91326","1":"product","2":"type-product","3":"status-publish","4":"has-post-thumbnail","6":"product_cat-lesetexte-deutsch","7":"series-deutsch-leichter-lesen","8":"publisher-klett-verlag","10":"first","11":"onbackorder","12":"taxable","13":"shipping-taxable","14":"purchasable","15":"product-type-simple"},"acf":[],"_links":{"self":[{"href":"https:\/\/exlibris.ee\/ru\/wp-json\/wp\/v2\/product\/91326","targetHints":{"allow":["GET"]}}],"collection":[{"href":"https:\/\/exlibris.ee\/ru\/wp-json\/wp\/v2\/product"}],"about":[{"href":"https:\/\/exlibris.ee\/ru\/wp-json\/wp\/v2\/types\/product"}],"wp:featuredmedia":[{"embeddable":true,"href":"https:\/\/exlibris.ee\/ru\/wp-json\/wp\/v2\/media\/91297"}],"wp:attachment":[{"href":"https:\/\/exlibris.ee\/ru\/wp-json\/wp\/v2\/media?parent=91326"}],"wp:term":[{"taxonomy":"product_brand","embeddable":true,"href":"https:\/\/exlibris.ee\/ru\/wp-json\/wp\/v2\/product_brand?post=91326"},{"taxonomy":"product_cat","embeddable":true,"href":"https:\/\/exlibris.ee\/ru\/wp-json\/wp\/v2\/product_cat?post=91326"},{"taxonomy":"product_tag","embeddable":true,"href":"https:\/\/exlibris.ee\/ru\/wp-json\/wp\/v2\/product_tag?post=91326"},{"taxonomy":"series","embeddable":true,"href":"https:\/\/exlibris.ee\/ru\/wp-json\/wp\/v2\/series?post=91326"},{"taxonomy":"publisher","embeddable":true,"href":"https:\/\/exlibris.ee\/ru\/wp-json\/wp\/v2\/publisher?post=91326"}],"curies":[{"name":"wp","href":"https:\/\/api.w.org\/{rel}","templated":true}]}}